{"id":1023,"date":"2021-10-18T16:19:35","date_gmt":"2021-10-18T14:19:35","guid":{"rendered":"https:\/\/moulin-de-la-roque.zag-com.fr\/appellation-cotes-de-provence\/"},"modified":"2021-11-12T14:16:11","modified_gmt":"2021-11-12T13:16:11","slug":"appellation-cotes-de-provence","status":"publish","type":"page","link":"https:\/\/moulin-de-la-roque.zag-com.fr\/en\/appellation-cotes-de-provence\/","title":{"rendered":"Appellation C\u00f4tes-de-Provence"},"content":{"rendered":"\t\t<div data-elementor-type=\"wp-page\" data-elementor-id=\"1023\" class=\"elementor elementor-1023 elementor-680\">\n\t\t\t\t\t\t<section class=\"elementor-section elementor-top-section elementor-element elementor-element-7775bc45 elementor-section-full_width elementor-section-stretched elementor-section-height-default elementor-section-height-default\" data-id=\"7775bc45\" data-element_type=\"section\" data-e-type=\"section\" data-settings=\"{&quot;stretch_section&quot;:&quot;section-stretched&quot;}\">\n\t\t\t\t\t\t<div class=\"elementor-container elementor-column-gap-default\">\n\t\t\t\t\t<div class=\"elementor-column elementor-col-100 elementor-top-column elementor-element elementor-element-3177bfb0\" data-id=\"3177bfb0\" data-element_type=\"column\" data-e-type=\"column\">\n\t\t\t<div class=\"elementor-widget-wrap elementor-element-populated\">\n\t\t\t\t\t\t<div class=\"elementor-element elementor-element-4557019b elementor-widget elementor-widget-image\" data-id=\"4557019b\" data-element_type=\"widget\" data-e-type=\"widget\" data-widget_type=\"image.default\">\n\t\t\t\t<div class=\"elementor-widget-container\">\n\t\t\t\t\t\t\t\t\t\t\t\t\t\t\t<img decoding=\"async\" src=\"https:\/\/moulin-de-la-roque.zag-com.fr\/wp-content\/uploads\/2021\/11\/Header-vignoble-cotes-de-provence-min.png\" title=\"Header-vignoble-cotes-de-provence-min\" alt=\"Vignes Bandol\" loading=\"lazy\" \/>\t\t\t\t\t\t\t\t\t\t\t\t\t\t\t<\/div>\n\t\t\t\t<\/div>\n\t\t\t\t\t<\/div>\n\t\t<\/div>\n\t\t\t\t\t<\/div>\n\t\t<\/section>\n\t\t\t\t<section class=\"elementor-section elementor-top-section elementor-element elementor-element-401f6d9 elementor-section-boxed elementor-section-height-default elementor-section-height-default\" data-id=\"401f6d9\" data-element_type=\"section\" data-e-type=\"section\" data-settings=\"{&quot;background_background&quot;:&quot;classic&quot;}\">\n\t\t\t\t\t\t<div class=\"elementor-container elementor-column-gap-default\">\n\t\t\t\t\t<div class=\"elementor-column elementor-col-100 elementor-top-column elementor-element elementor-element-1cc41062\" data-id=\"1cc41062\" data-element_type=\"column\" data-e-type=\"column\">\n\t\t\t<div class=\"elementor-widget-wrap elementor-element-populated\">\n\t\t\t\t\t\t<div class=\"elementor-element elementor-element-b9b692 elementor-widget elementor-widget-heading\" data-id=\"b9b692\" data-element_type=\"widget\" data-e-type=\"widget\" data-widget_type=\"heading.default\">\n\t\t\t\t<div class=\"elementor-widget-container\">\n\t\t\t\t\t<h1 class=\"elementor-heading-title elementor-size-default\">Appellation C\u00f4tes-de-Provence<\/h1>\t\t\t\t<\/div>\n\t\t\t\t<\/div>\n\t\t\t\t\t<\/div>\n\t\t<\/div>\n\t\t\t\t\t<\/div>\n\t\t<\/section>\n\t\t\t\t<section class=\"elementor-section elementor-top-section elementor-element elementor-element-77ef5ebf elementor-section-content-middle custom-text-size elementor-section-boxed elementor-section-height-default elementor-section-height-default\" data-id=\"77ef5ebf\" data-element_type=\"section\" data-e-type=\"section\">\n\t\t\t\t\t\t<div class=\"elementor-container elementor-column-gap-custom\">\n\t\t\t\t\t<div class=\"elementor-column elementor-col-50 elementor-top-column elementor-element elementor-element-3d7b612b\" data-id=\"3d7b612b\" data-element_type=\"column\" data-e-type=\"column\">\n\t\t\t<div class=\"elementor-widget-wrap elementor-element-populated\">\n\t\t\t\t\t\t<div class=\"elementor-element elementor-element-1cd91c07 elementor-widget elementor-widget-text-editor\" data-id=\"1cd91c07\" data-element_type=\"widget\" data-e-type=\"widget\" data-widget_type=\"text-editor.default\">\n\t\t\t\t<div class=\"elementor-widget-container\">\n\t\t\t\t\t\t\t\t\t<h2>C\u00f4tes-de-Provence &#8211; Our other speciality<\/h2><p>Our C\u00f4tes-de-Provence are made from plots of vines located mainly in the Bassin du Beausset area of our region of the Var. This winegrowing area adjacent to that of Bandol comprises a series of rocky outcrops facing the sea, where the vines are protected from cold northerly air. The soils are composed of marl, sandstone and limestone, and it is this limestone which gives the C\u00f4tes-de-Provence their elegance and remarkable finesse.<\/p><p>Like our AOC Bandol wines, our C\u00f4tes-de-Provence reds are mostly made with a majority of Mourv\u00e8dre which we blend with Cinsault and Carignan. Cinsault is used in greater proportion than in our Bandol wines, giving wines that are more supple and ready to drink from a young age.<\/p><p>For the C\u00f4tes-de-Provence ros\u00e9s, we favour blends with a predominant proportion of another emblematic Proven\u00e7al variety \u2013 Grenache \u2013 for its fresh and fruity character. The addition of Cinsault, Mourv\u00e8dre and Syrah gives these wines their complexity.<\/p><p>Our white C\u00f4tes-de-Provence are made with Ugni Blanc and Clairette for wines which are fresh, floral and aromatic, in the typical regional style.<\/p>\t\t\t\t\t\t\t\t<\/div>\n\t\t\t\t<\/div>\n\t\t\t\t<div class=\"elementor-element elementor-element-454fe208 elementor-widget elementor-widget-image\" data-id=\"454fe208\" data-element_type=\"widget\" data-e-type=\"widget\" data-widget_type=\"image.default\">\n\t\t\t\t<div class=\"elementor-widget-container\">\n\t\t\t\t\t\t\t\t\t\t\t\t\t\t\t<img fetchpriority=\"high\" decoding=\"async\" width=\"500\" height=\"500\" src=\"https:\/\/moulin-de-la-roque.zag-com.fr\/wp-content\/uploads\/2021\/11\/Notre-vignoble-cotes-de-provence-vins-roque-star-blanc-rouge-rose.png\" class=\"attachment-full size-full wp-image-2579\" alt=\"Pic-Nic Bandol\" srcset=\"https:\/\/moulin-de-la-roque.zag-com.fr\/wp-content\/uploads\/2021\/11\/Notre-vignoble-cotes-de-provence-vins-roque-star-blanc-rouge-rose.png 500w, https:\/\/moulin-de-la-roque.zag-com.fr\/wp-content\/uploads\/2021\/11\/Notre-vignoble-cotes-de-provence-vins-roque-star-blanc-rouge-rose-300x300.png 300w, https:\/\/moulin-de-la-roque.zag-com.fr\/wp-content\/uploads\/2021\/11\/Notre-vignoble-cotes-de-provence-vins-roque-star-blanc-rouge-rose-150x150.png 150w, https:\/\/moulin-de-la-roque.zag-com.fr\/wp-content\/uploads\/2021\/11\/Notre-vignoble-cotes-de-provence-vins-roque-star-blanc-rouge-rose-20x20.png 20w, https:\/\/moulin-de-la-roque.zag-com.fr\/wp-content\/uploads\/2021\/11\/Notre-vignoble-cotes-de-provence-vins-roque-star-blanc-rouge-rose-100x100.png 100w\" sizes=\"(max-width: 500px) 100vw, 500px\" \/>\t\t\t\t\t\t\t\t\t\t\t\t\t\t\t<\/div>\n\t\t\t\t<\/div>\n\t\t\t\t\t<\/div>\n\t\t<\/div>\n\t\t\t\t<div class=\"elementor-column elementor-col-50 elementor-top-column elementor-element elementor-element-71757079\" data-id=\"71757079\" data-element_type=\"column\" data-e-type=\"column\">\n\t\t\t<div class=\"elementor-widget-wrap elementor-element-populated\">\n\t\t\t\t\t\t<div class=\"elementor-element elementor-element-7c40da85 elementor-widget elementor-widget-image\" data-id=\"7c40da85\" data-element_type=\"widget\" data-e-type=\"widget\" data-widget_type=\"image.default\">\n\t\t\t\t<div class=\"elementor-widget-container\">\n\t\t\t\t\t\t\t\t\t\t\t\t\t\t\t<img decoding=\"async\" width=\"500\" height=\"500\" src=\"https:\/\/moulin-de-la-roque.zag-com.fr\/wp-content\/uploads\/2021\/11\/Notre-vignoble-cotes-de-provence-oliviers.png\" class=\"attachment-full size-full wp-image-2577\" alt=\"Olivier Provence\" srcset=\"https:\/\/moulin-de-la-roque.zag-com.fr\/wp-content\/uploads\/2021\/11\/Notre-vignoble-cotes-de-provence-oliviers.png 500w, https:\/\/moulin-de-la-roque.zag-com.fr\/wp-content\/uploads\/2021\/11\/Notre-vignoble-cotes-de-provence-oliviers-300x300.png 300w, https:\/\/moulin-de-la-roque.zag-com.fr\/wp-content\/uploads\/2021\/11\/Notre-vignoble-cotes-de-provence-oliviers-150x150.png 150w, https:\/\/moulin-de-la-roque.zag-com.fr\/wp-content\/uploads\/2021\/11\/Notre-vignoble-cotes-de-provence-oliviers-20x20.png 20w, https:\/\/moulin-de-la-roque.zag-com.fr\/wp-content\/uploads\/2021\/11\/Notre-vignoble-cotes-de-provence-oliviers-100x100.png 100w\" sizes=\"(max-width: 500px) 100vw, 500px\" \/>\t\t\t\t\t\t\t\t\t\t\t\t\t\t\t<\/div>\n\t\t\t\t<\/div>\n\t\t\t\t\t<\/div>\n\t\t<\/div>\n\t\t\t\t\t<\/div>\n\t\t<\/section>\n\t\t\t\t<\/div>\n\t\t","protected":false},"excerpt":{"rendered":"<p>Appellation C\u00f4tes-de-Provence C\u00f4tes-de-Provence &#8211; Our other speciality Our C\u00f4tes-de-Provence are made from plots of vines located mainly in the Bassin du Beausset area of our region of the Var. This winegrowing area adjacent to that of Bandol comprises a series of rocky outcrops facing the sea, where the vines are protected from cold northerly air.&hellip;<\/p>\n","protected":false},"author":1,"featured_media":0,"parent":0,"menu_order":0,"comment_status":"closed","ping_status":"closed","template":"","meta":{"_acf_changed":false,"footnotes":""},"class_list":["post-1023","page","type-page","status-publish","hentry"],"acf":[],"yoast_head":"<!-- This site is optimized with the Yoast SEO plugin v27.5 - https:\/\/yoast.com\/product\/yoast-seo-wordpress\/ -->\n<title>AOP C\u00f4tes-de-Provence - Terroir - Climat - C\u00e9pages - Moulin de la Roque<\/title>\n<meta name=\"description\" content=\"D\u00e9couvrez notre vignoble des C\u00f4tes-de-Provence, son terroir, son climat et ses c\u00e9pages. C\u00f4tes-de-Provence Ros\u00e9, Rouge et Blanc.\" \/>\n<meta name=\"robots\" content=\"index, follow, max-snippet:-1, max-image-preview:large, max-video-preview:-1\" \/>\n<link rel=\"canonical\" href=\"https:\/\/moulin-de-la-roque.zag-com.fr\/en\/appellation-cotes-de-provence\/\" \/>\n<meta property=\"og:locale\" content=\"en_US\" \/>\n<meta property=\"og:type\" content=\"article\" \/>\n<meta property=\"og:title\" content=\"AOP C\u00f4tes-de-Provence - Terroir - Climat - C\u00e9pages - Moulin de la Roque\" \/>\n<meta property=\"og:description\" content=\"D\u00e9couvrez notre vignoble des C\u00f4tes-de-Provence, son terroir, son climat et ses c\u00e9pages. C\u00f4tes-de-Provence Ros\u00e9, Rouge et Blanc.\" \/>\n<meta property=\"og:url\" content=\"https:\/\/moulin-de-la-roque.zag-com.fr\/en\/appellation-cotes-de-provence\/\" \/>\n<meta property=\"og:site_name\" content=\"Moulin de la Roque\" \/>\n<meta property=\"article:modified_time\" content=\"2021-11-12T13:16:11+00:00\" \/>\n<meta property=\"og:image\" content=\"https:\/\/moulin-de-la-roque.zag-com.fr\/wp-content\/uploads\/elementor\/thumbs\/Header-vignoble-cotes-de-provence-min-pft8su7o9g62r0dvjwepy77wnh3hq3b38l5sfn1atc.png\" \/>\n<meta name=\"twitter:card\" content=\"summary_large_image\" \/>\n<meta name=\"twitter:label1\" content=\"Est. reading time\" \/>\n\t<meta name=\"twitter:data1\" content=\"2 minutes\" \/>\n<script type=\"application\/ld+json\" class=\"yoast-schema-graph\">{\"@context\":\"https:\\\/\\\/schema.org\",\"@graph\":[{\"@type\":\"WebPage\",\"@id\":\"https:\\\/\\\/moulin-de-la-roque.zag-com.fr\\\/en\\\/appellation-cotes-de-provence\\\/\",\"url\":\"https:\\\/\\\/moulin-de-la-roque.zag-com.fr\\\/en\\\/appellation-cotes-de-provence\\\/\",\"name\":\"AOP C\u00f4tes-de-Provence - Terroir - Climat - C\u00e9pages - Moulin de la Roque\",\"isPartOf\":{\"@id\":\"https:\\\/\\\/moulin-de-la-roque.zag-com.fr\\\/en\\\/#website\"},\"primaryImageOfPage\":{\"@id\":\"https:\\\/\\\/moulin-de-la-roque.zag-com.fr\\\/en\\\/appellation-cotes-de-provence\\\/#primaryimage\"},\"image\":{\"@id\":\"https:\\\/\\\/moulin-de-la-roque.zag-com.fr\\\/en\\\/appellation-cotes-de-provence\\\/#primaryimage\"},\"thumbnailUrl\":\"https:\\\/\\\/moulin-de-la-roque.zag-com.fr\\\/wp-content\\\/uploads\\\/elementor\\\/thumbs\\\/Header-vignoble-cotes-de-provence-min-pft8su7o9g62r0dvjwepy77wnh3hq3b38l5sfn1atc.png\",\"datePublished\":\"2021-10-18T14:19:35+00:00\",\"dateModified\":\"2021-11-12T13:16:11+00:00\",\"description\":\"D\u00e9couvrez notre vignoble des C\u00f4tes-de-Provence, son terroir, son climat et ses c\u00e9pages. C\u00f4tes-de-Provence Ros\u00e9, Rouge et Blanc.\",\"breadcrumb\":{\"@id\":\"https:\\\/\\\/moulin-de-la-roque.zag-com.fr\\\/en\\\/appellation-cotes-de-provence\\\/#breadcrumb\"},\"inLanguage\":\"en-US\",\"potentialAction\":[{\"@type\":\"ReadAction\",\"target\":[\"https:\\\/\\\/moulin-de-la-roque.zag-com.fr\\\/en\\\/appellation-cotes-de-provence\\\/\"]}]},{\"@type\":\"ImageObject\",\"inLanguage\":\"en-US\",\"@id\":\"https:\\\/\\\/moulin-de-la-roque.zag-com.fr\\\/en\\\/appellation-cotes-de-provence\\\/#primaryimage\",\"url\":\"https:\\\/\\\/moulin-de-la-roque.zag-com.fr\\\/wp-content\\\/uploads\\\/elementor\\\/thumbs\\\/Header-vignoble-cotes-de-provence-min-pft8su7o9g62r0dvjwepy77wnh3hq3b38l5sfn1atc.png\",\"contentUrl\":\"https:\\\/\\\/moulin-de-la-roque.zag-com.fr\\\/wp-content\\\/uploads\\\/elementor\\\/thumbs\\\/Header-vignoble-cotes-de-provence-min-pft8su7o9g62r0dvjwepy77wnh3hq3b38l5sfn1atc.png\"},{\"@type\":\"BreadcrumbList\",\"@id\":\"https:\\\/\\\/moulin-de-la-roque.zag-com.fr\\\/en\\\/appellation-cotes-de-provence\\\/#breadcrumb\",\"itemListElement\":[{\"@type\":\"ListItem\",\"position\":1,\"name\":\"Accueil\",\"item\":\"https:\\\/\\\/moulin-de-la-roque.zag-com.fr\\\/en\\\/\"},{\"@type\":\"ListItem\",\"position\":2,\"name\":\"Appellation C\u00f4tes-de-Provence\"}]},{\"@type\":\"WebSite\",\"@id\":\"https:\\\/\\\/moulin-de-la-roque.zag-com.fr\\\/en\\\/#website\",\"url\":\"https:\\\/\\\/moulin-de-la-roque.zag-com.fr\\\/en\\\/\",\"name\":\"Moulin de la Roque\",\"description\":\"\",\"potentialAction\":[{\"@type\":\"SearchAction\",\"target\":{\"@type\":\"EntryPoint\",\"urlTemplate\":\"https:\\\/\\\/moulin-de-la-roque.zag-com.fr\\\/en\\\/?s={search_term_string}\"},\"query-input\":{\"@type\":\"PropertyValueSpecification\",\"valueRequired\":true,\"valueName\":\"search_term_string\"}}],\"inLanguage\":\"en-US\"}]}<\/script>\n<!-- \/ Yoast SEO plugin. -->","yoast_head_json":{"title":"AOP C\u00f4tes-de-Provence - Terroir - Climat - C\u00e9pages - Moulin de la Roque","description":"D\u00e9couvrez notre vignoble des C\u00f4tes-de-Provence, son terroir, son climat et ses c\u00e9pages. C\u00f4tes-de-Provence Ros\u00e9, Rouge et Blanc.","robots":{"index":"index","follow":"follow","max-snippet":"max-snippet:-1","max-image-preview":"max-image-preview:large","max-video-preview":"max-video-preview:-1"},"canonical":"https:\/\/moulin-de-la-roque.zag-com.fr\/en\/appellation-cotes-de-provence\/","og_locale":"en_US","og_type":"article","og_title":"AOP C\u00f4tes-de-Provence - Terroir - Climat - C\u00e9pages - Moulin de la Roque","og_description":"D\u00e9couvrez notre vignoble des C\u00f4tes-de-Provence, son terroir, son climat et ses c\u00e9pages. C\u00f4tes-de-Provence Ros\u00e9, Rouge et Blanc.","og_url":"https:\/\/moulin-de-la-roque.zag-com.fr\/en\/appellation-cotes-de-provence\/","og_site_name":"Moulin de la Roque","article_modified_time":"2021-11-12T13:16:11+00:00","og_image":[{"url":"https:\/\/moulin-de-la-roque.zag-com.fr\/wp-content\/uploads\/elementor\/thumbs\/Header-vignoble-cotes-de-provence-min-pft8su7o9g62r0dvjwepy77wnh3hq3b38l5sfn1atc.png","type":"","width":"","height":""}],"twitter_card":"summary_large_image","twitter_misc":{"Est. reading time":"2 minutes"},"schema":{"@context":"https:\/\/schema.org","@graph":[{"@type":"WebPage","@id":"https:\/\/moulin-de-la-roque.zag-com.fr\/en\/appellation-cotes-de-provence\/","url":"https:\/\/moulin-de-la-roque.zag-com.fr\/en\/appellation-cotes-de-provence\/","name":"AOP C\u00f4tes-de-Provence - Terroir - Climat - C\u00e9pages - Moulin de la Roque","isPartOf":{"@id":"https:\/\/moulin-de-la-roque.zag-com.fr\/en\/#website"},"primaryImageOfPage":{"@id":"https:\/\/moulin-de-la-roque.zag-com.fr\/en\/appellation-cotes-de-provence\/#primaryimage"},"image":{"@id":"https:\/\/moulin-de-la-roque.zag-com.fr\/en\/appellation-cotes-de-provence\/#primaryimage"},"thumbnailUrl":"https:\/\/moulin-de-la-roque.zag-com.fr\/wp-content\/uploads\/elementor\/thumbs\/Header-vignoble-cotes-de-provence-min-pft8su7o9g62r0dvjwepy77wnh3hq3b38l5sfn1atc.png","datePublished":"2021-10-18T14:19:35+00:00","dateModified":"2021-11-12T13:16:11+00:00","description":"D\u00e9couvrez notre vignoble des C\u00f4tes-de-Provence, son terroir, son climat et ses c\u00e9pages. C\u00f4tes-de-Provence Ros\u00e9, Rouge et Blanc.","breadcrumb":{"@id":"https:\/\/moulin-de-la-roque.zag-com.fr\/en\/appellation-cotes-de-provence\/#breadcrumb"},"inLanguage":"en-US","potentialAction":[{"@type":"ReadAction","target":["https:\/\/moulin-de-la-roque.zag-com.fr\/en\/appellation-cotes-de-provence\/"]}]},{"@type":"ImageObject","inLanguage":"en-US","@id":"https:\/\/moulin-de-la-roque.zag-com.fr\/en\/appellation-cotes-de-provence\/#primaryimage","url":"https:\/\/moulin-de-la-roque.zag-com.fr\/wp-content\/uploads\/elementor\/thumbs\/Header-vignoble-cotes-de-provence-min-pft8su7o9g62r0dvjwepy77wnh3hq3b38l5sfn1atc.png","contentUrl":"https:\/\/moulin-de-la-roque.zag-com.fr\/wp-content\/uploads\/elementor\/thumbs\/Header-vignoble-cotes-de-provence-min-pft8su7o9g62r0dvjwepy77wnh3hq3b38l5sfn1atc.png"},{"@type":"BreadcrumbList","@id":"https:\/\/moulin-de-la-roque.zag-com.fr\/en\/appellation-cotes-de-provence\/#breadcrumb","itemListElement":[{"@type":"ListItem","position":1,"name":"Accueil","item":"https:\/\/moulin-de-la-roque.zag-com.fr\/en\/"},{"@type":"ListItem","position":2,"name":"Appellation C\u00f4tes-de-Provence"}]},{"@type":"WebSite","@id":"https:\/\/moulin-de-la-roque.zag-com.fr\/en\/#website","url":"https:\/\/moulin-de-la-roque.zag-com.fr\/en\/","name":"Moulin de la Roque","description":"","potentialAction":[{"@type":"SearchAction","target":{"@type":"EntryPoint","urlTemplate":"https:\/\/moulin-de-la-roque.zag-com.fr\/en\/?s={search_term_string}"},"query-input":{"@type":"PropertyValueSpecification","valueRequired":true,"valueName":"search_term_string"}}],"inLanguage":"en-US"}]}},"_links":{"self":[{"href":"https:\/\/moulin-de-la-roque.zag-com.fr\/en\/wp-json\/wp\/v2\/pages\/1023","targetHints":{"allow":["GET"]}}],"collection":[{"href":"https:\/\/moulin-de-la-roque.zag-com.fr\/en\/wp-json\/wp\/v2\/pages"}],"about":[{"href":"https:\/\/moulin-de-la-roque.zag-com.fr\/en\/wp-json\/wp\/v2\/types\/page"}],"author":[{"embeddable":true,"href":"https:\/\/moulin-de-la-roque.zag-com.fr\/en\/wp-json\/wp\/v2\/users\/1"}],"replies":[{"embeddable":true,"href":"https:\/\/moulin-de-la-roque.zag-com.fr\/en\/wp-json\/wp\/v2\/comments?post=1023"}],"version-history":[{"count":5,"href":"https:\/\/moulin-de-la-roque.zag-com.fr\/en\/wp-json\/wp\/v2\/pages\/1023\/revisions"}],"predecessor-version":[{"id":3059,"href":"https:\/\/moulin-de-la-roque.zag-com.fr\/en\/wp-json\/wp\/v2\/pages\/1023\/revisions\/3059"}],"wp:attachment":[{"href":"https:\/\/moulin-de-la-roque.zag-com.fr\/en\/wp-json\/wp\/v2\/media?parent=1023"}],"curies":[{"name":"wp","href":"https:\/\/api.w.org\/{rel}","templated":true}]}}