{"id":12357,"date":"2024-06-17T14:48:34","date_gmt":"2024-06-17T12:48:34","guid":{"rendered":"https:\/\/moulin-de-la-roque.zag-com.fr\/?post_type=product&#038;p=12357"},"modified":"2025-10-31T14:20:55","modified_gmt":"2025-10-31T13:20:55","slug":"roque-nrolle-igp-mediterranee","status":"publish","type":"product","link":"https:\/\/moulin-de-la-roque.zag-com.fr\/en\/shop\/roque-nrolle-igp-mediterranee\/","title":{"rendered":"Roque N&#8217;Rolle"},"content":{"rendered":"<p>Un IGP M\u00e9diterran\u00e9e Blanc 100% Rolle , id\u00e9al \u00e0 partager !<\/p>\n","protected":false},"excerpt":{"rendered":"<p>Un IGP M\u00e9diterran\u00e9e Blanc 100% Rolle , id\u00e9al \u00e0 partager !<\/p>\n","protected":false},"featured_media":23084,"comment_status":"open","ping_status":"closed","template":"","meta":{"_acf_changed":false},"product_brand":[619,620],"product_cat":[175,608],"product_tag":[],"class_list":{"0":"post-12357","1":"product","2":"type-product","3":"status-publish","4":"has-post-thumbnail","6":"product_brand-customer","7":"product_brand-customer_club","8":"product_cat-sous-la-tonnelle-en","9":"product_cat-wines","11":"first","12":"instock","13":"taxable","14":"shipping-taxable","15":"purchasable","16":"product-type-variable","17":"has-default-attributes","18":"add-to-wishlist-before_image"},"group_of_quantity":1,"min_quantity":0,"max_quantity":"","exclude_order_quantity_value_rules":"no","exclude_category_quantity_rules":"no","combine_variations":"no","acf":[],"yoast_head":"<!-- This site is optimized with the Yoast SEO plugin v27.5 - https:\/\/yoast.com\/product\/yoast-seo-wordpress\/ -->\n<title>Roque N&#039;Rolle vin blanc - 2024 | IGP M\u00e9diterran\u00e9e<\/title>\n<meta name=\"description\" content=\"Roque N&#039;Rolle est un vin blanc frais et d\u00e9licat \u00e9labor\u00e9 \u00e0 100% avec notre c\u00e9page Rolle avec des notes fruit\u00e9s id\u00e9al \u00e0 partager !\" \/>\n<meta name=\"robots\" content=\"index, follow, max-snippet:-1, max-image-preview:large, max-video-preview:-1\" \/>\n<link rel=\"canonical\" href=\"https:\/\/moulin-de-la-roque.zag-com.fr\/en\/shop\/roque-nrolle-igp-mediterranee\/\" \/>\n<meta property=\"og:locale\" content=\"en_US\" \/>\n<meta property=\"og:type\" content=\"article\" \/>\n<meta property=\"og:title\" content=\"Roque N&#039;Rolle vin blanc - 2024 | IGP M\u00e9diterran\u00e9e\" \/>\n<meta property=\"og:description\" content=\"Roque N&#039;Rolle est un vin blanc frais et d\u00e9licat \u00e9labor\u00e9 \u00e0 100% avec notre c\u00e9page Rolle avec des notes fruit\u00e9s id\u00e9al \u00e0 partager !\" \/>\n<meta property=\"og:url\" content=\"https:\/\/moulin-de-la-roque.zag-com.fr\/en\/shop\/roque-nrolle-igp-mediterranee\/\" \/>\n<meta property=\"og:site_name\" content=\"Moulin de la Roque\" \/>\n<meta property=\"article:modified_time\" content=\"2025-10-31T13:20:55+00:00\" \/>\n<meta property=\"og:image\" content=\"https:\/\/moulin-de-la-roque.zag-com.fr\/wp-content\/uploads\/2024\/06\/MLR-Roquen-Rolle-blanc-rognee-RET.png\" \/>\n\t<meta property=\"og:image:width\" content=\"592\" \/>\n\t<meta property=\"og:image:height\" content=\"2079\" \/>\n\t<meta property=\"og:image:type\" content=\"image\/png\" \/>\n<meta name=\"twitter:card\" content=\"summary_large_image\" \/>\n<meta name=\"twitter:label1\" content=\"Est. reading time\" \/>\n\t<meta name=\"twitter:data1\" content=\"1 minute\" \/>\n<script type=\"application\/ld+json\" class=\"yoast-schema-graph\">{\"@context\":\"https:\\\/\\\/schema.org\",\"@graph\":[{\"@type\":\"WebPage\",\"@id\":\"https:\\\/\\\/moulin-de-la-roque.zag-com.fr\\\/en\\\/shop\\\/roque-nrolle-igp-mediterranee\\\/\",\"url\":\"https:\\\/\\\/moulin-de-la-roque.zag-com.fr\\\/en\\\/shop\\\/roque-nrolle-igp-mediterranee\\\/\",\"name\":\"Roque N'Rolle vin blanc - 2024 | IGP M\u00e9diterran\u00e9e\",\"isPartOf\":{\"@id\":\"https:\\\/\\\/moulin-de-la-roque.zag-com.fr\\\/en\\\/#website\"},\"primaryImageOfPage\":{\"@id\":\"https:\\\/\\\/moulin-de-la-roque.zag-com.fr\\\/en\\\/shop\\\/roque-nrolle-igp-mediterranee\\\/#primaryimage\"},\"image\":{\"@id\":\"https:\\\/\\\/moulin-de-la-roque.zag-com.fr\\\/en\\\/shop\\\/roque-nrolle-igp-mediterranee\\\/#primaryimage\"},\"thumbnailUrl\":\"https:\\\/\\\/moulin-de-la-roque.zag-com.fr\\\/wp-content\\\/uploads\\\/2024\\\/06\\\/MLR-Roquen-Rolle-blanc-rognee-RET.png\",\"datePublished\":\"2024-06-17T12:48:34+00:00\",\"dateModified\":\"2025-10-31T13:20:55+00:00\",\"description\":\"Roque N'Rolle est un vin blanc frais et d\u00e9licat \u00e9labor\u00e9 \u00e0 100% avec notre c\u00e9page Rolle avec des notes fruit\u00e9s id\u00e9al \u00e0 partager !\",\"breadcrumb\":{\"@id\":\"https:\\\/\\\/moulin-de-la-roque.zag-com.fr\\\/en\\\/shop\\\/roque-nrolle-igp-mediterranee\\\/#breadcrumb\"},\"inLanguage\":\"en-US\",\"potentialAction\":[{\"@type\":\"ReadAction\",\"target\":[\"https:\\\/\\\/moulin-de-la-roque.zag-com.fr\\\/en\\\/shop\\\/roque-nrolle-igp-mediterranee\\\/\"]}]},{\"@type\":\"ImageObject\",\"inLanguage\":\"en-US\",\"@id\":\"https:\\\/\\\/moulin-de-la-roque.zag-com.fr\\\/en\\\/shop\\\/roque-nrolle-igp-mediterranee\\\/#primaryimage\",\"url\":\"https:\\\/\\\/moulin-de-la-roque.zag-com.fr\\\/wp-content\\\/uploads\\\/2024\\\/06\\\/MLR-Roquen-Rolle-blanc-rognee-RET.png\",\"contentUrl\":\"https:\\\/\\\/moulin-de-la-roque.zag-com.fr\\\/wp-content\\\/uploads\\\/2024\\\/06\\\/MLR-Roquen-Rolle-blanc-rognee-RET.png\",\"width\":592,\"height\":2079,\"caption\":\"MLR Roque&rsquo;n Rolle blanc rogn\u00e9e &#8211; RET\"},{\"@type\":\"BreadcrumbList\",\"@id\":\"https:\\\/\\\/moulin-de-la-roque.zag-com.fr\\\/en\\\/shop\\\/roque-nrolle-igp-mediterranee\\\/#breadcrumb\",\"itemListElement\":[{\"@type\":\"ListItem\",\"position\":1,\"name\":\"Accueil\",\"item\":\"https:\\\/\\\/moulin-de-la-roque.zag-com.fr\\\/en\\\/\"},{\"@type\":\"ListItem\",\"position\":2,\"name\":\"Shop\",\"item\":\"https:\\\/\\\/moulin-de-la-roque.zag-com.fr\\\/en\\\/shop\\\/\"},{\"@type\":\"ListItem\",\"position\":3,\"name\":\"Roque N&rsquo;Rolle\"}]},{\"@type\":\"WebSite\",\"@id\":\"https:\\\/\\\/moulin-de-la-roque.zag-com.fr\\\/en\\\/#website\",\"url\":\"https:\\\/\\\/moulin-de-la-roque.zag-com.fr\\\/en\\\/\",\"name\":\"Moulin de la Roque\",\"description\":\"\",\"potentialAction\":[{\"@type\":\"SearchAction\",\"target\":{\"@type\":\"EntryPoint\",\"urlTemplate\":\"https:\\\/\\\/moulin-de-la-roque.zag-com.fr\\\/en\\\/?s={search_term_string}\"},\"query-input\":{\"@type\":\"PropertyValueSpecification\",\"valueRequired\":true,\"valueName\":\"search_term_string\"}}],\"inLanguage\":\"en-US\"}]}<\/script>\n<!-- \/ Yoast SEO plugin. -->","yoast_head_json":{"title":"Roque N'Rolle vin blanc - 2024 | IGP M\u00e9diterran\u00e9e","description":"Roque N'Rolle est un vin blanc frais et d\u00e9licat \u00e9labor\u00e9 \u00e0 100% avec notre c\u00e9page Rolle avec des notes fruit\u00e9s id\u00e9al \u00e0 partager !","robots":{"index":"index","follow":"follow","max-snippet":"max-snippet:-1","max-image-preview":"max-image-preview:large","max-video-preview":"max-video-preview:-1"},"canonical":"https:\/\/moulin-de-la-roque.zag-com.fr\/en\/shop\/roque-nrolle-igp-mediterranee\/","og_locale":"en_US","og_type":"article","og_title":"Roque N'Rolle vin blanc - 2024 | IGP M\u00e9diterran\u00e9e","og_description":"Roque N'Rolle est un vin blanc frais et d\u00e9licat \u00e9labor\u00e9 \u00e0 100% avec notre c\u00e9page Rolle avec des notes fruit\u00e9s id\u00e9al \u00e0 partager !","og_url":"https:\/\/moulin-de-la-roque.zag-com.fr\/en\/shop\/roque-nrolle-igp-mediterranee\/","og_site_name":"Moulin de la Roque","article_modified_time":"2025-10-31T13:20:55+00:00","og_image":[{"width":592,"height":2079,"url":"https:\/\/moulin-de-la-roque.zag-com.fr\/wp-content\/uploads\/2024\/06\/MLR-Roquen-Rolle-blanc-rognee-RET.png","type":"image\/png"}],"twitter_card":"summary_large_image","twitter_misc":{"Est. reading time":"1 minute"},"schema":{"@context":"https:\/\/schema.org","@graph":[{"@type":"WebPage","@id":"https:\/\/moulin-de-la-roque.zag-com.fr\/en\/shop\/roque-nrolle-igp-mediterranee\/","url":"https:\/\/moulin-de-la-roque.zag-com.fr\/en\/shop\/roque-nrolle-igp-mediterranee\/","name":"Roque N'Rolle vin blanc - 2024 | IGP M\u00e9diterran\u00e9e","isPartOf":{"@id":"https:\/\/moulin-de-la-roque.zag-com.fr\/en\/#website"},"primaryImageOfPage":{"@id":"https:\/\/moulin-de-la-roque.zag-com.fr\/en\/shop\/roque-nrolle-igp-mediterranee\/#primaryimage"},"image":{"@id":"https:\/\/moulin-de-la-roque.zag-com.fr\/en\/shop\/roque-nrolle-igp-mediterranee\/#primaryimage"},"thumbnailUrl":"https:\/\/moulin-de-la-roque.zag-com.fr\/wp-content\/uploads\/2024\/06\/MLR-Roquen-Rolle-blanc-rognee-RET.png","datePublished":"2024-06-17T12:48:34+00:00","dateModified":"2025-10-31T13:20:55+00:00","description":"Roque N'Rolle est un vin blanc frais et d\u00e9licat \u00e9labor\u00e9 \u00e0 100% avec notre c\u00e9page Rolle avec des notes fruit\u00e9s id\u00e9al \u00e0 partager !","breadcrumb":{"@id":"https:\/\/moulin-de-la-roque.zag-com.fr\/en\/shop\/roque-nrolle-igp-mediterranee\/#breadcrumb"},"inLanguage":"en-US","potentialAction":[{"@type":"ReadAction","target":["https:\/\/moulin-de-la-roque.zag-com.fr\/en\/shop\/roque-nrolle-igp-mediterranee\/"]}]},{"@type":"ImageObject","inLanguage":"en-US","@id":"https:\/\/moulin-de-la-roque.zag-com.fr\/en\/shop\/roque-nrolle-igp-mediterranee\/#primaryimage","url":"https:\/\/moulin-de-la-roque.zag-com.fr\/wp-content\/uploads\/2024\/06\/MLR-Roquen-Rolle-blanc-rognee-RET.png","contentUrl":"https:\/\/moulin-de-la-roque.zag-com.fr\/wp-content\/uploads\/2024\/06\/MLR-Roquen-Rolle-blanc-rognee-RET.png","width":592,"height":2079,"caption":"MLR Roque&rsquo;n Rolle blanc rogn\u00e9e &#8211; RET"},{"@type":"BreadcrumbList","@id":"https:\/\/moulin-de-la-roque.zag-com.fr\/en\/shop\/roque-nrolle-igp-mediterranee\/#breadcrumb","itemListElement":[{"@type":"ListItem","position":1,"name":"Accueil","item":"https:\/\/moulin-de-la-roque.zag-com.fr\/en\/"},{"@type":"ListItem","position":2,"name":"Shop","item":"https:\/\/moulin-de-la-roque.zag-com.fr\/en\/shop\/"},{"@type":"ListItem","position":3,"name":"Roque N&rsquo;Rolle"}]},{"@type":"WebSite","@id":"https:\/\/moulin-de-la-roque.zag-com.fr\/en\/#website","url":"https:\/\/moulin-de-la-roque.zag-com.fr\/en\/","name":"Moulin de la Roque","description":"","potentialAction":[{"@type":"SearchAction","target":{"@type":"EntryPoint","urlTemplate":"https:\/\/moulin-de-la-roque.zag-com.fr\/en\/?s={search_term_string}"},"query-input":{"@type":"PropertyValueSpecification","valueRequired":true,"valueName":"search_term_string"}}],"inLanguage":"en-US"}]}},"_links":{"self":[{"href":"https:\/\/moulin-de-la-roque.zag-com.fr\/en\/wp-json\/wp\/v2\/product\/12357","targetHints":{"allow":["GET"]}}],"collection":[{"href":"https:\/\/moulin-de-la-roque.zag-com.fr\/en\/wp-json\/wp\/v2\/product"}],"about":[{"href":"https:\/\/moulin-de-la-roque.zag-com.fr\/en\/wp-json\/wp\/v2\/types\/product"}],"replies":[{"embeddable":true,"href":"https:\/\/moulin-de-la-roque.zag-com.fr\/en\/wp-json\/wp\/v2\/comments?post=12357"}],"wp:featuredmedia":[{"embeddable":true,"href":"https:\/\/moulin-de-la-roque.zag-com.fr\/en\/wp-json\/wp\/v2\/media\/23084"}],"wp:attachment":[{"href":"https:\/\/moulin-de-la-roque.zag-com.fr\/en\/wp-json\/wp\/v2\/media?parent=12357"}],"wp:term":[{"taxonomy":"product_brand","embeddable":true,"href":"https:\/\/moulin-de-la-roque.zag-com.fr\/en\/wp-json\/wp\/v2\/product_brand?post=12357"},{"taxonomy":"product_cat","embeddable":true,"href":"https:\/\/moulin-de-la-roque.zag-com.fr\/en\/wp-json\/wp\/v2\/product_cat?post=12357"},{"taxonomy":"product_tag","embeddable":true,"href":"https:\/\/moulin-de-la-roque.zag-com.fr\/en\/wp-json\/wp\/v2\/product_tag?post=12357"}],"curies":[{"name":"wp","href":"https:\/\/api.w.org\/{rel}","templated":true}]}}