{"id":17564,"date":"2025-05-20T16:19:12","date_gmt":"2025-05-20T14:19:12","guid":{"rendered":"https:\/\/moulin-de-la-roque.zag-com.fr\/?post_type=product&#038;p=17564"},"modified":"2025-10-03T16:01:17","modified_gmt":"2025-10-03T14:01:17","slug":"vasque-victoria","status":"publish","type":"product","link":"https:\/\/moulin-de-la-roque.zag-com.fr\/en\/shop\/vasque-victoria\/","title":{"rendered":"Vasque Victoria"},"content":{"rendered":"<div>\n<div class=\"summary__title\">\n<p class=\"\" data-start=\"87\" data-end=\"192\">Format g\u00e9n\u00e9reux et silhouette \u00e9pur\u00e9e, id\u00e9al pour vos tables et comptoirs en int\u00e9rieur comme en ext\u00e9rieur.<\/p>\n<p class=\"\" data-start=\"87\" data-end=\"192\">Ce mod\u00e8le est compatible avec une base lumineuse pour mettre en valeur vos pr\u00e9sentations.<\/p>\n<\/div>\n<\/div>\n<div id=\"ProductAccordion-9d96921b-2455-4b78-a217-358dcdf0fda6-template--22435020603717__main\" class=\"accordion__content rte\">\n<h3 style=\"text-align: left;\">Caract\u00e9ristiques<\/h3>\n<div id=\"ProductAccordion-9d96921b-2455-4b78-a217-358dcdf0fda6-template--22435020603717__main\" class=\"accordion__content rte\">\n<ul>\n<li data-start=\"885\" data-end=\"907\"><b>Capacit\u00e9<\/b>: 4 bouteilles \/ 2 magnums<\/li>\n<li data-start=\"885\" data-end=\"907\"><strong>Hauteur<\/strong> : 266 mm<\/li>\n<li data-start=\"885\" data-end=\"907\"><strong>Dimensions<\/strong> : 395 x 263 mm<\/li>\n<li data-start=\"885\" data-end=\"907\"><strong>Mati\u00e8re<\/strong> : Acrylique<\/li>\n<li data-start=\"885\" data-end=\"907\"><strong>Fabrication<\/strong> : Injection plastique<\/li>\n<li data-start=\"885\" data-end=\"907\"><strong>Couleur<\/strong> : Blanc<\/li>\n<\/ul>\n<\/div>\n<\/div>\n","protected":false},"excerpt":{"rendered":"<p>Format g\u00e9n\u00e9reux et silhouette \u00e9pur\u00e9e, id\u00e9al pour vos tables et comptoirs en int\u00e9rieur comme en ext\u00e9rieur. Ce mod\u00e8le est compatible avec une base lumineuse pour mettre en valeur vos pr\u00e9sentations. Caract\u00e9ristiques Capacit\u00e9: 4 bouteilles \/ 2 magnums Hauteur : 266 mm Dimensions : 395 x 263 mm Mati\u00e8re : Acrylique Fabrication : Injection plastique Couleur&hellip;<\/p>\n","protected":false},"featured_media":21093,"comment_status":"open","ping_status":"closed","template":"","meta":{"_acf_changed":false},"product_brand":[619,620,621,622],"product_cat":[434],"product_tag":[],"class_list":{"0":"post-17564","1":"product","2":"type-product","3":"status-publish","4":"has-post-thumbnail","6":"product_brand-customer","7":"product_brand-customer_club","8":"product_brand-customer_grossiste","9":"product_brand-customer_pro","10":"product_cat-accessoires","12":"first","13":"instock","14":"taxable","15":"shipping-taxable","16":"purchasable","17":"product-type-simple","18":"add-to-wishlist-before_image"},"group_of_quantity":0,"min_quantity":0,"max_quantity":"","exclude_order_quantity_value_rules":"no","exclude_category_quantity_rules":"no","combine_variations":"no","acf":[],"yoast_head":"<!-- This site is optimized with the Yoast SEO plugin v27.5 - https:\/\/yoast.com\/product\/yoast-seo-wordpress\/ -->\n<title>Vasque Victoria<\/title>\n<meta name=\"description\" content=\"Vasque Victoria format g\u00e9n\u00e9reux id\u00e9al pour vos tables et comptoirs. Ce mod\u00e8le est compatible avec une base lumineuse pour mettre en valeur vos pr\u00e9sentations\" \/>\n<meta name=\"robots\" content=\"index, follow, max-snippet:-1, max-image-preview:large, max-video-preview:-1\" \/>\n<link rel=\"canonical\" href=\"https:\/\/moulin-de-la-roque.zag-com.fr\/en\/shop\/vasque-victoria\/\" \/>\n<meta property=\"og:locale\" content=\"en_US\" \/>\n<meta property=\"og:type\" content=\"article\" \/>\n<meta property=\"og:title\" content=\"Vasque Victoria\" \/>\n<meta property=\"og:description\" content=\"Vasque Victoria format g\u00e9n\u00e9reux id\u00e9al pour vos tables et comptoirs. Ce mod\u00e8le est compatible avec une base lumineuse pour mettre en valeur vos pr\u00e9sentations\" \/>\n<meta property=\"og:url\" content=\"https:\/\/moulin-de-la-roque.zag-com.fr\/en\/shop\/vasque-victoria\/\" \/>\n<meta property=\"og:site_name\" content=\"Moulin de la Roque\" \/>\n<meta property=\"article:modified_time\" content=\"2025-10-03T14:01:17+00:00\" \/>\n<meta property=\"og:image\" content=\"https:\/\/moulin-de-la-roque.zag-com.fr\/wp-content\/uploads\/2025\/05\/image000291-scaled-e1759500047937.jpeg\" \/>\n\t<meta property=\"og:image:width\" content=\"1406\" \/>\n\t<meta property=\"og:image:height\" content=\"1170\" \/>\n\t<meta property=\"og:image:type\" content=\"image\/jpeg\" \/>\n<meta name=\"twitter:card\" content=\"summary_large_image\" \/>\n<meta name=\"twitter:label1\" content=\"Est. reading time\" \/>\n\t<meta name=\"twitter:data1\" content=\"1 minute\" \/>\n<script type=\"application\/ld+json\" class=\"yoast-schema-graph\">{\"@context\":\"https:\\\/\\\/schema.org\",\"@graph\":[{\"@type\":\"WebPage\",\"@id\":\"https:\\\/\\\/moulin-de-la-roque.zag-com.fr\\\/en\\\/shop\\\/vasque-victoria\\\/\",\"url\":\"https:\\\/\\\/moulin-de-la-roque.zag-com.fr\\\/en\\\/shop\\\/vasque-victoria\\\/\",\"name\":\"Vasque Victoria\",\"isPartOf\":{\"@id\":\"https:\\\/\\\/moulin-de-la-roque.zag-com.fr\\\/en\\\/#website\"},\"primaryImageOfPage\":{\"@id\":\"https:\\\/\\\/moulin-de-la-roque.zag-com.fr\\\/en\\\/shop\\\/vasque-victoria\\\/#primaryimage\"},\"image\":{\"@id\":\"https:\\\/\\\/moulin-de-la-roque.zag-com.fr\\\/en\\\/shop\\\/vasque-victoria\\\/#primaryimage\"},\"thumbnailUrl\":\"https:\\\/\\\/moulin-de-la-roque.zag-com.fr\\\/wp-content\\\/uploads\\\/2025\\\/05\\\/image000291-scaled-e1759500047937.jpeg\",\"datePublished\":\"2025-05-20T14:19:12+00:00\",\"dateModified\":\"2025-10-03T14:01:17+00:00\",\"description\":\"Vasque Victoria format g\u00e9n\u00e9reux id\u00e9al pour vos tables et comptoirs. Ce mod\u00e8le est compatible avec une base lumineuse pour mettre en valeur vos pr\u00e9sentations\",\"breadcrumb\":{\"@id\":\"https:\\\/\\\/moulin-de-la-roque.zag-com.fr\\\/en\\\/shop\\\/vasque-victoria\\\/#breadcrumb\"},\"inLanguage\":\"en-US\",\"potentialAction\":[{\"@type\":\"ReadAction\",\"target\":[\"https:\\\/\\\/moulin-de-la-roque.zag-com.fr\\\/en\\\/shop\\\/vasque-victoria\\\/\"]}]},{\"@type\":\"ImageObject\",\"inLanguage\":\"en-US\",\"@id\":\"https:\\\/\\\/moulin-de-la-roque.zag-com.fr\\\/en\\\/shop\\\/vasque-victoria\\\/#primaryimage\",\"url\":\"https:\\\/\\\/moulin-de-la-roque.zag-com.fr\\\/wp-content\\\/uploads\\\/2025\\\/05\\\/image000291-scaled-e1759500047937.jpeg\",\"contentUrl\":\"https:\\\/\\\/moulin-de-la-roque.zag-com.fr\\\/wp-content\\\/uploads\\\/2025\\\/05\\\/image000291-scaled-e1759500047937.jpeg\",\"width\":1406,\"height\":1170},{\"@type\":\"BreadcrumbList\",\"@id\":\"https:\\\/\\\/moulin-de-la-roque.zag-com.fr\\\/en\\\/shop\\\/vasque-victoria\\\/#breadcrumb\",\"itemListElement\":[{\"@type\":\"ListItem\",\"position\":1,\"name\":\"Accueil\",\"item\":\"https:\\\/\\\/moulin-de-la-roque.zag-com.fr\\\/en\\\/\"},{\"@type\":\"ListItem\",\"position\":2,\"name\":\"Shop\",\"item\":\"https:\\\/\\\/moulin-de-la-roque.zag-com.fr\\\/en\\\/shop\\\/\"},{\"@type\":\"ListItem\",\"position\":3,\"name\":\"Vasque Victoria\"}]},{\"@type\":\"WebSite\",\"@id\":\"https:\\\/\\\/moulin-de-la-roque.zag-com.fr\\\/en\\\/#website\",\"url\":\"https:\\\/\\\/moulin-de-la-roque.zag-com.fr\\\/en\\\/\",\"name\":\"Moulin de la Roque\",\"description\":\"\",\"potentialAction\":[{\"@type\":\"SearchAction\",\"target\":{\"@type\":\"EntryPoint\",\"urlTemplate\":\"https:\\\/\\\/moulin-de-la-roque.zag-com.fr\\\/en\\\/?s={search_term_string}\"},\"query-input\":{\"@type\":\"PropertyValueSpecification\",\"valueRequired\":true,\"valueName\":\"search_term_string\"}}],\"inLanguage\":\"en-US\"}]}<\/script>\n<!-- \/ Yoast SEO plugin. -->","yoast_head_json":{"title":"Vasque Victoria","description":"Vasque Victoria format g\u00e9n\u00e9reux id\u00e9al pour vos tables et comptoirs. Ce mod\u00e8le est compatible avec une base lumineuse pour mettre en valeur vos pr\u00e9sentations","robots":{"index":"index","follow":"follow","max-snippet":"max-snippet:-1","max-image-preview":"max-image-preview:large","max-video-preview":"max-video-preview:-1"},"canonical":"https:\/\/moulin-de-la-roque.zag-com.fr\/en\/shop\/vasque-victoria\/","og_locale":"en_US","og_type":"article","og_title":"Vasque Victoria","og_description":"Vasque Victoria format g\u00e9n\u00e9reux id\u00e9al pour vos tables et comptoirs. Ce mod\u00e8le est compatible avec une base lumineuse pour mettre en valeur vos pr\u00e9sentations","og_url":"https:\/\/moulin-de-la-roque.zag-com.fr\/en\/shop\/vasque-victoria\/","og_site_name":"Moulin de la Roque","article_modified_time":"2025-10-03T14:01:17+00:00","og_image":[{"width":1406,"height":1170,"url":"https:\/\/moulin-de-la-roque.zag-com.fr\/wp-content\/uploads\/2025\/05\/image000291-scaled-e1759500047937.jpeg","type":"image\/jpeg"}],"twitter_card":"summary_large_image","twitter_misc":{"Est. reading time":"1 minute"},"schema":{"@context":"https:\/\/schema.org","@graph":[{"@type":"WebPage","@id":"https:\/\/moulin-de-la-roque.zag-com.fr\/en\/shop\/vasque-victoria\/","url":"https:\/\/moulin-de-la-roque.zag-com.fr\/en\/shop\/vasque-victoria\/","name":"Vasque Victoria","isPartOf":{"@id":"https:\/\/moulin-de-la-roque.zag-com.fr\/en\/#website"},"primaryImageOfPage":{"@id":"https:\/\/moulin-de-la-roque.zag-com.fr\/en\/shop\/vasque-victoria\/#primaryimage"},"image":{"@id":"https:\/\/moulin-de-la-roque.zag-com.fr\/en\/shop\/vasque-victoria\/#primaryimage"},"thumbnailUrl":"https:\/\/moulin-de-la-roque.zag-com.fr\/wp-content\/uploads\/2025\/05\/image000291-scaled-e1759500047937.jpeg","datePublished":"2025-05-20T14:19:12+00:00","dateModified":"2025-10-03T14:01:17+00:00","description":"Vasque Victoria format g\u00e9n\u00e9reux id\u00e9al pour vos tables et comptoirs. Ce mod\u00e8le est compatible avec une base lumineuse pour mettre en valeur vos pr\u00e9sentations","breadcrumb":{"@id":"https:\/\/moulin-de-la-roque.zag-com.fr\/en\/shop\/vasque-victoria\/#breadcrumb"},"inLanguage":"en-US","potentialAction":[{"@type":"ReadAction","target":["https:\/\/moulin-de-la-roque.zag-com.fr\/en\/shop\/vasque-victoria\/"]}]},{"@type":"ImageObject","inLanguage":"en-US","@id":"https:\/\/moulin-de-la-roque.zag-com.fr\/en\/shop\/vasque-victoria\/#primaryimage","url":"https:\/\/moulin-de-la-roque.zag-com.fr\/wp-content\/uploads\/2025\/05\/image000291-scaled-e1759500047937.jpeg","contentUrl":"https:\/\/moulin-de-la-roque.zag-com.fr\/wp-content\/uploads\/2025\/05\/image000291-scaled-e1759500047937.jpeg","width":1406,"height":1170},{"@type":"BreadcrumbList","@id":"https:\/\/moulin-de-la-roque.zag-com.fr\/en\/shop\/vasque-victoria\/#breadcrumb","itemListElement":[{"@type":"ListItem","position":1,"name":"Accueil","item":"https:\/\/moulin-de-la-roque.zag-com.fr\/en\/"},{"@type":"ListItem","position":2,"name":"Shop","item":"https:\/\/moulin-de-la-roque.zag-com.fr\/en\/shop\/"},{"@type":"ListItem","position":3,"name":"Vasque Victoria"}]},{"@type":"WebSite","@id":"https:\/\/moulin-de-la-roque.zag-com.fr\/en\/#website","url":"https:\/\/moulin-de-la-roque.zag-com.fr\/en\/","name":"Moulin de la Roque","description":"","potentialAction":[{"@type":"SearchAction","target":{"@type":"EntryPoint","urlTemplate":"https:\/\/moulin-de-la-roque.zag-com.fr\/en\/?s={search_term_string}"},"query-input":{"@type":"PropertyValueSpecification","valueRequired":true,"valueName":"search_term_string"}}],"inLanguage":"en-US"}]}},"_links":{"self":[{"href":"https:\/\/moulin-de-la-roque.zag-com.fr\/en\/wp-json\/wp\/v2\/product\/17564","targetHints":{"allow":["GET"]}}],"collection":[{"href":"https:\/\/moulin-de-la-roque.zag-com.fr\/en\/wp-json\/wp\/v2\/product"}],"about":[{"href":"https:\/\/moulin-de-la-roque.zag-com.fr\/en\/wp-json\/wp\/v2\/types\/product"}],"replies":[{"embeddable":true,"href":"https:\/\/moulin-de-la-roque.zag-com.fr\/en\/wp-json\/wp\/v2\/comments?post=17564"}],"wp:featuredmedia":[{"embeddable":true,"href":"https:\/\/moulin-de-la-roque.zag-com.fr\/en\/wp-json\/wp\/v2\/media\/21093"}],"wp:attachment":[{"href":"https:\/\/moulin-de-la-roque.zag-com.fr\/en\/wp-json\/wp\/v2\/media?parent=17564"}],"wp:term":[{"taxonomy":"product_brand","embeddable":true,"href":"https:\/\/moulin-de-la-roque.zag-com.fr\/en\/wp-json\/wp\/v2\/product_brand?post=17564"},{"taxonomy":"product_cat","embeddable":true,"href":"https:\/\/moulin-de-la-roque.zag-com.fr\/en\/wp-json\/wp\/v2\/product_cat?post=17564"},{"taxonomy":"product_tag","embeddable":true,"href":"https:\/\/moulin-de-la-roque.zag-com.fr\/en\/wp-json\/wp\/v2\/product_tag?post=17564"}],"curies":[{"name":"wp","href":"https:\/\/api.w.org\/{rel}","templated":true}]}}