{"id":17808,"date":"2025-05-30T16:05:17","date_gmt":"2025-05-30T14:05:17","guid":{"rendered":"https:\/\/moulin-de-la-roque.zag-com.fr\/?post_type=product&#038;p=17808"},"modified":"2026-03-05T16:19:59","modified_gmt":"2026-03-05T15:19:59","slug":"bag-in-box-3-litres-2","status":"publish","type":"product","link":"https:\/\/moulin-de-la-roque.zag-com.fr\/en\/shop\/bag-in-box-3-litres-2\/","title":{"rendered":"Bag In Box 3 litres"},"content":{"rendered":"<p>La plus ancienne des cuv\u00e9es du Moulin de la Roque. Ce Bandol rouge est le reflet du savoir-faire de nos vignerons. Souple et gourmand, il doit sa structure et sa force \u00e0 son c\u00e9page principal, le Mourv\u00e8dre.<\/p>\n<p>La m\u00fbre, le cassis sont soutenus par des notes d\u2019\u00e9pices douces gr\u00e2ce aux 18 mois d\u2019\u00e9levage en foudre.<\/p>\n<p>&nbsp;<\/p>\n<h3>Dur\u00e9e de conservation Bag In Box<\/h3>\n<p>Un BIB de vin non ouvert peut se conserver 6 \u00e0 12 mois<\/p>\n<p data-start=\"978\" data-end=\"1010\"><span style=\"font-size: 16px;\">Un BIB ouvert peut se conserver <\/span>4 \u00e0 6 semaines<\/p>\n<h3>Conseils de conservation<\/h3>\n<p data-start=\"1013\" data-end=\"1059\">Conserver le BIB <strong data-start=\"1030\" data-end=\"1042\">au frais<\/strong> (cave ou frigo).<\/p>\n<p data-start=\"1062\" data-end=\"1090\">\u00c9viter les chocs thermiques.<\/p>\n<p data-start=\"1093\" data-end=\"1140\">Ne jamais percer ou ab\u00eemer la poche int\u00e9rieure.<\/p>\n<p>Conditions de stockage id\u00e9ale : \u00e0 l\u2019abri de la chaleur, de la lumi\u00e8re, et \u00e0 temp\u00e9rature constante, entre <strong data-start=\"468\" data-end=\"483\">10 et 15 \u00b0C<\/strong>.<\/p>\n","protected":false},"excerpt":{"rendered":"<p>Une cuv\u00e9e qui tient ses promesses.<\/p>\n","protected":false},"featured_media":18901,"comment_status":"open","ping_status":"closed","template":"","meta":{"_acf_changed":false},"product_brand":[619,621,622],"product_cat":[173,608],"product_tag":[],"class_list":{"0":"post-17808","1":"product","2":"type-product","3":"status-publish","4":"has-post-thumbnail","6":"product_brand-customer","7":"product_brand-customer_grossiste","8":"product_brand-customer_pro","9":"product_cat-irresistiblement-bandol-en","10":"product_cat-wines","12":"first","13":"instock","14":"taxable","15":"shipping-taxable","16":"purchasable","17":"product-type-variable","18":"add-to-wishlist-before_image"},"group_of_quantity":0,"min_quantity":0,"max_quantity":"","exclude_order_quantity_value_rules":"no","exclude_category_quantity_rules":"no","combine_variations":"no","acf":[],"yoast_head":"<!-- This site is optimized with the Yoast SEO plugin v27.5 - https:\/\/yoast.com\/product\/yoast-seo-wordpress\/ -->\n<title>BIB vin rouge - 3 litres | AOC Bandol<\/title>\n<meta name=\"description\" content=\"Ce Bandol rouge est le reflet du savoir-faire de nos vignerons. Souple et gourmand, il doit sa structure et sa force \u00e0 son c\u00e9page principal, le Mourv\u00e8dre\" \/>\n<meta name=\"robots\" content=\"index, follow, max-snippet:-1, max-image-preview:large, max-video-preview:-1\" \/>\n<link rel=\"canonical\" href=\"https:\/\/moulin-de-la-roque.zag-com.fr\/en\/shop\/bag-in-box-3-litres-2\/\" \/>\n<meta property=\"og:locale\" content=\"en_US\" \/>\n<meta property=\"og:type\" content=\"article\" \/>\n<meta property=\"og:title\" content=\"BIB vin rouge - 3 litres | AOC Bandol\" \/>\n<meta property=\"og:description\" content=\"Ce Bandol rouge est le reflet du savoir-faire de nos vignerons. Souple et gourmand, il doit sa structure et sa force \u00e0 son c\u00e9page principal, le Mourv\u00e8dre\" \/>\n<meta property=\"og:url\" content=\"https:\/\/moulin-de-la-roque.zag-com.fr\/en\/shop\/bag-in-box-3-litres-2\/\" \/>\n<meta property=\"og:site_name\" content=\"Moulin de la Roque\" \/>\n<meta property=\"article:modified_time\" content=\"2026-03-05T15:19:59+00:00\" \/>\n<meta property=\"og:image\" content=\"https:\/\/moulin-de-la-roque.zag-com.fr\/wp-content\/uploads\/2025\/05\/LA-SOURCE-rouge.jpg\" \/>\n\t<meta property=\"og:image:width\" content=\"1512\" \/>\n\t<meta property=\"og:image:height\" content=\"2016\" \/>\n\t<meta property=\"og:image:type\" content=\"image\/jpeg\" \/>\n<meta name=\"twitter:card\" content=\"summary_large_image\" \/>\n<meta name=\"twitter:label1\" content=\"Est. reading time\" \/>\n\t<meta name=\"twitter:data1\" content=\"1 minute\" \/>\n<script type=\"application\/ld+json\" class=\"yoast-schema-graph\">{\"@context\":\"https:\\\/\\\/schema.org\",\"@graph\":[{\"@type\":\"WebPage\",\"@id\":\"https:\\\/\\\/moulin-de-la-roque.zag-com.fr\\\/en\\\/shop\\\/bag-in-box-3-litres-2\\\/\",\"url\":\"https:\\\/\\\/moulin-de-la-roque.zag-com.fr\\\/en\\\/shop\\\/bag-in-box-3-litres-2\\\/\",\"name\":\"BIB vin rouge - 3 litres | AOC Bandol\",\"isPartOf\":{\"@id\":\"https:\\\/\\\/moulin-de-la-roque.zag-com.fr\\\/en\\\/#website\"},\"primaryImageOfPage\":{\"@id\":\"https:\\\/\\\/moulin-de-la-roque.zag-com.fr\\\/en\\\/shop\\\/bag-in-box-3-litres-2\\\/#primaryimage\"},\"image\":{\"@id\":\"https:\\\/\\\/moulin-de-la-roque.zag-com.fr\\\/en\\\/shop\\\/bag-in-box-3-litres-2\\\/#primaryimage\"},\"thumbnailUrl\":\"https:\\\/\\\/moulin-de-la-roque.zag-com.fr\\\/wp-content\\\/uploads\\\/2025\\\/05\\\/LA-SOURCE-rouge.jpg\",\"datePublished\":\"2025-05-30T14:05:17+00:00\",\"dateModified\":\"2026-03-05T15:19:59+00:00\",\"description\":\"Ce Bandol rouge est le reflet du savoir-faire de nos vignerons. Souple et gourmand, il doit sa structure et sa force \u00e0 son c\u00e9page principal, le Mourv\u00e8dre\",\"breadcrumb\":{\"@id\":\"https:\\\/\\\/moulin-de-la-roque.zag-com.fr\\\/en\\\/shop\\\/bag-in-box-3-litres-2\\\/#breadcrumb\"},\"inLanguage\":\"en-US\",\"potentialAction\":[{\"@type\":\"ReadAction\",\"target\":[\"https:\\\/\\\/moulin-de-la-roque.zag-com.fr\\\/en\\\/shop\\\/bag-in-box-3-litres-2\\\/\"]}]},{\"@type\":\"ImageObject\",\"inLanguage\":\"en-US\",\"@id\":\"https:\\\/\\\/moulin-de-la-roque.zag-com.fr\\\/en\\\/shop\\\/bag-in-box-3-litres-2\\\/#primaryimage\",\"url\":\"https:\\\/\\\/moulin-de-la-roque.zag-com.fr\\\/wp-content\\\/uploads\\\/2025\\\/05\\\/LA-SOURCE-rouge.jpg\",\"contentUrl\":\"https:\\\/\\\/moulin-de-la-roque.zag-com.fr\\\/wp-content\\\/uploads\\\/2025\\\/05\\\/LA-SOURCE-rouge.jpg\",\"width\":1512,\"height\":2016},{\"@type\":\"BreadcrumbList\",\"@id\":\"https:\\\/\\\/moulin-de-la-roque.zag-com.fr\\\/en\\\/shop\\\/bag-in-box-3-litres-2\\\/#breadcrumb\",\"itemListElement\":[{\"@type\":\"ListItem\",\"position\":1,\"name\":\"Accueil\",\"item\":\"https:\\\/\\\/moulin-de-la-roque.zag-com.fr\\\/en\\\/\"},{\"@type\":\"ListItem\",\"position\":2,\"name\":\"Shop\",\"item\":\"https:\\\/\\\/moulin-de-la-roque.zag-com.fr\\\/en\\\/shop\\\/\"},{\"@type\":\"ListItem\",\"position\":3,\"name\":\"Bag In Box 3 litres\"}]},{\"@type\":\"WebSite\",\"@id\":\"https:\\\/\\\/moulin-de-la-roque.zag-com.fr\\\/en\\\/#website\",\"url\":\"https:\\\/\\\/moulin-de-la-roque.zag-com.fr\\\/en\\\/\",\"name\":\"Moulin de la Roque\",\"description\":\"\",\"potentialAction\":[{\"@type\":\"SearchAction\",\"target\":{\"@type\":\"EntryPoint\",\"urlTemplate\":\"https:\\\/\\\/moulin-de-la-roque.zag-com.fr\\\/en\\\/?s={search_term_string}\"},\"query-input\":{\"@type\":\"PropertyValueSpecification\",\"valueRequired\":true,\"valueName\":\"search_term_string\"}}],\"inLanguage\":\"en-US\"}]}<\/script>\n<!-- \/ Yoast SEO plugin. -->","yoast_head_json":{"title":"BIB vin rouge - 3 litres | AOC Bandol","description":"Ce Bandol rouge est le reflet du savoir-faire de nos vignerons. Souple et gourmand, il doit sa structure et sa force \u00e0 son c\u00e9page principal, le Mourv\u00e8dre","robots":{"index":"index","follow":"follow","max-snippet":"max-snippet:-1","max-image-preview":"max-image-preview:large","max-video-preview":"max-video-preview:-1"},"canonical":"https:\/\/moulin-de-la-roque.zag-com.fr\/en\/shop\/bag-in-box-3-litres-2\/","og_locale":"en_US","og_type":"article","og_title":"BIB vin rouge - 3 litres | AOC Bandol","og_description":"Ce Bandol rouge est le reflet du savoir-faire de nos vignerons. Souple et gourmand, il doit sa structure et sa force \u00e0 son c\u00e9page principal, le Mourv\u00e8dre","og_url":"https:\/\/moulin-de-la-roque.zag-com.fr\/en\/shop\/bag-in-box-3-litres-2\/","og_site_name":"Moulin de la Roque","article_modified_time":"2026-03-05T15:19:59+00:00","og_image":[{"width":1512,"height":2016,"url":"https:\/\/moulin-de-la-roque.zag-com.fr\/wp-content\/uploads\/2025\/05\/LA-SOURCE-rouge.jpg","type":"image\/jpeg"}],"twitter_card":"summary_large_image","twitter_misc":{"Est. reading time":"1 minute"},"schema":{"@context":"https:\/\/schema.org","@graph":[{"@type":"WebPage","@id":"https:\/\/moulin-de-la-roque.zag-com.fr\/en\/shop\/bag-in-box-3-litres-2\/","url":"https:\/\/moulin-de-la-roque.zag-com.fr\/en\/shop\/bag-in-box-3-litres-2\/","name":"BIB vin rouge - 3 litres | AOC Bandol","isPartOf":{"@id":"https:\/\/moulin-de-la-roque.zag-com.fr\/en\/#website"},"primaryImageOfPage":{"@id":"https:\/\/moulin-de-la-roque.zag-com.fr\/en\/shop\/bag-in-box-3-litres-2\/#primaryimage"},"image":{"@id":"https:\/\/moulin-de-la-roque.zag-com.fr\/en\/shop\/bag-in-box-3-litres-2\/#primaryimage"},"thumbnailUrl":"https:\/\/moulin-de-la-roque.zag-com.fr\/wp-content\/uploads\/2025\/05\/LA-SOURCE-rouge.jpg","datePublished":"2025-05-30T14:05:17+00:00","dateModified":"2026-03-05T15:19:59+00:00","description":"Ce Bandol rouge est le reflet du savoir-faire de nos vignerons. Souple et gourmand, il doit sa structure et sa force \u00e0 son c\u00e9page principal, le Mourv\u00e8dre","breadcrumb":{"@id":"https:\/\/moulin-de-la-roque.zag-com.fr\/en\/shop\/bag-in-box-3-litres-2\/#breadcrumb"},"inLanguage":"en-US","potentialAction":[{"@type":"ReadAction","target":["https:\/\/moulin-de-la-roque.zag-com.fr\/en\/shop\/bag-in-box-3-litres-2\/"]}]},{"@type":"ImageObject","inLanguage":"en-US","@id":"https:\/\/moulin-de-la-roque.zag-com.fr\/en\/shop\/bag-in-box-3-litres-2\/#primaryimage","url":"https:\/\/moulin-de-la-roque.zag-com.fr\/wp-content\/uploads\/2025\/05\/LA-SOURCE-rouge.jpg","contentUrl":"https:\/\/moulin-de-la-roque.zag-com.fr\/wp-content\/uploads\/2025\/05\/LA-SOURCE-rouge.jpg","width":1512,"height":2016},{"@type":"BreadcrumbList","@id":"https:\/\/moulin-de-la-roque.zag-com.fr\/en\/shop\/bag-in-box-3-litres-2\/#breadcrumb","itemListElement":[{"@type":"ListItem","position":1,"name":"Accueil","item":"https:\/\/moulin-de-la-roque.zag-com.fr\/en\/"},{"@type":"ListItem","position":2,"name":"Shop","item":"https:\/\/moulin-de-la-roque.zag-com.fr\/en\/shop\/"},{"@type":"ListItem","position":3,"name":"Bag In Box 3 litres"}]},{"@type":"WebSite","@id":"https:\/\/moulin-de-la-roque.zag-com.fr\/en\/#website","url":"https:\/\/moulin-de-la-roque.zag-com.fr\/en\/","name":"Moulin de la Roque","description":"","potentialAction":[{"@type":"SearchAction","target":{"@type":"EntryPoint","urlTemplate":"https:\/\/moulin-de-la-roque.zag-com.fr\/en\/?s={search_term_string}"},"query-input":{"@type":"PropertyValueSpecification","valueRequired":true,"valueName":"search_term_string"}}],"inLanguage":"en-US"}]}},"_links":{"self":[{"href":"https:\/\/moulin-de-la-roque.zag-com.fr\/en\/wp-json\/wp\/v2\/product\/17808","targetHints":{"allow":["GET"]}}],"collection":[{"href":"https:\/\/moulin-de-la-roque.zag-com.fr\/en\/wp-json\/wp\/v2\/product"}],"about":[{"href":"https:\/\/moulin-de-la-roque.zag-com.fr\/en\/wp-json\/wp\/v2\/types\/product"}],"replies":[{"embeddable":true,"href":"https:\/\/moulin-de-la-roque.zag-com.fr\/en\/wp-json\/wp\/v2\/comments?post=17808"}],"wp:featuredmedia":[{"embeddable":true,"href":"https:\/\/moulin-de-la-roque.zag-com.fr\/en\/wp-json\/wp\/v2\/media\/18901"}],"wp:attachment":[{"href":"https:\/\/moulin-de-la-roque.zag-com.fr\/en\/wp-json\/wp\/v2\/media?parent=17808"}],"wp:term":[{"taxonomy":"product_brand","embeddable":true,"href":"https:\/\/moulin-de-la-roque.zag-com.fr\/en\/wp-json\/wp\/v2\/product_brand?post=17808"},{"taxonomy":"product_cat","embeddable":true,"href":"https:\/\/moulin-de-la-roque.zag-com.fr\/en\/wp-json\/wp\/v2\/product_cat?post=17808"},{"taxonomy":"product_tag","embeddable":true,"href":"https:\/\/moulin-de-la-roque.zag-com.fr\/en\/wp-json\/wp\/v2\/product_tag?post=17808"}],"curies":[{"name":"wp","href":"https:\/\/api.w.org\/{rel}","templated":true}]}}