{"id":17862,"date":"2025-06-05T14:34:56","date_gmt":"2025-06-05T12:34:56","guid":{"rendered":"https:\/\/moulin-de-la-roque.zag-com.fr\/?post_type=product&#038;p=17862"},"modified":"2025-09-25T11:05:04","modified_gmt":"2025-09-25T09:05:04","slug":"aioli-provencal-90g","status":"publish","type":"product","link":"https:\/\/moulin-de-la-roque.zag-com.fr\/en\/shop\/aioli-provencal-90g\/","title":{"rendered":"A\u00efoli Proven\u00e7al 90g"},"content":{"rendered":"<h2 data-start=\"460\" data-end=\"641\">Go\u00fbt et tradition<\/h2>\n<p>Une sauce pleine de caract\u00e8re, qui apporte la chaleur de la Provence \u00e0 tous vos plats.<\/p>\n<p>poids net : 90g<\/p>\n","protected":false},"excerpt":{"rendered":"<p>Go\u00fbt et tradition Une sauce pleine de caract\u00e8re, qui apporte la chaleur de la Provence \u00e0 tous vos plats. poids net : 90g<\/p>\n","protected":false},"featured_media":18022,"comment_status":"open","ping_status":"closed","template":"","meta":{"_acf_changed":false},"product_brand":[619,620,622],"product_cat":[601],"product_tag":[],"class_list":{"0":"post-17862","1":"product","2":"type-product","3":"status-publish","4":"has-post-thumbnail","6":"product_brand-customer","7":"product_brand-customer_club","8":"product_brand-customer_pro","9":"product_cat-grocery","11":"first","12":"instock","13":"taxable","14":"shipping-taxable","15":"purchasable","16":"product-type-simple","17":"add-to-wishlist-before_image"},"group_of_quantity":0,"min_quantity":0,"max_quantity":"","exclude_order_quantity_value_rules":"no","exclude_category_quantity_rules":"no","combine_variations":"no","acf":[],"yoast_head":"<!-- This site is optimized with the Yoast SEO plugin v27.5 - https:\/\/yoast.com\/product\/yoast-seo-wordpress\/ -->\n<title>A\u00efoli Proven\u00e7al 90g<\/title>\n<meta name=\"description\" content=\"A\u00efoli Proven\u00e7al 90g la saveur traditionnelle du Sud de la France, id\u00e9ale pour accompagner vos plats et ap\u00e9ritifs. Livraison offerte d\u00e8s 200\u20ac d\u2019achats.\" \/>\n<meta name=\"robots\" content=\"index, follow, max-snippet:-1, max-image-preview:large, max-video-preview:-1\" \/>\n<link rel=\"canonical\" href=\"https:\/\/moulin-de-la-roque.zag-com.fr\/en\/shop\/aioli-provencal-90g\/\" \/>\n<meta property=\"og:locale\" content=\"en_US\" \/>\n<meta property=\"og:type\" content=\"article\" \/>\n<meta property=\"og:title\" content=\"A\u00efoli Proven\u00e7al 90g\" \/>\n<meta property=\"og:description\" content=\"A\u00efoli Proven\u00e7al 90g la saveur traditionnelle du Sud de la France, id\u00e9ale pour accompagner vos plats et ap\u00e9ritifs. Livraison offerte d\u00e8s 200\u20ac d\u2019achats.\" \/>\n<meta property=\"og:url\" content=\"https:\/\/moulin-de-la-roque.zag-com.fr\/en\/shop\/aioli-provencal-90g\/\" \/>\n<meta property=\"og:site_name\" content=\"Moulin de la Roque\" \/>\n<meta property=\"article:modified_time\" content=\"2025-09-25T09:05:04+00:00\" \/>\n<meta property=\"og:image\" content=\"https:\/\/moulin-de-la-roque.zag-com.fr\/wp-content\/uploads\/2025\/06\/Publication-Instagram-Minimaliste-Citation-en-Beige-et-Gris-3-1.png\" \/>\n\t<meta property=\"og:image:width\" content=\"1080\" \/>\n\t<meta property=\"og:image:height\" content=\"1350\" \/>\n\t<meta property=\"og:image:type\" content=\"image\/png\" \/>\n<meta name=\"twitter:card\" content=\"summary_large_image\" \/>\n<meta name=\"twitter:label1\" content=\"Est. reading time\" \/>\n\t<meta name=\"twitter:data1\" content=\"1 minute\" \/>\n<script type=\"application\/ld+json\" class=\"yoast-schema-graph\">{\"@context\":\"https:\\\/\\\/schema.org\",\"@graph\":[{\"@type\":\"WebPage\",\"@id\":\"https:\\\/\\\/moulin-de-la-roque.zag-com.fr\\\/en\\\/shop\\\/aioli-provencal-90g\\\/\",\"url\":\"https:\\\/\\\/moulin-de-la-roque.zag-com.fr\\\/en\\\/shop\\\/aioli-provencal-90g\\\/\",\"name\":\"A\u00efoli Proven\u00e7al 90g\",\"isPartOf\":{\"@id\":\"https:\\\/\\\/moulin-de-la-roque.zag-com.fr\\\/en\\\/#website\"},\"primaryImageOfPage\":{\"@id\":\"https:\\\/\\\/moulin-de-la-roque.zag-com.fr\\\/en\\\/shop\\\/aioli-provencal-90g\\\/#primaryimage\"},\"image\":{\"@id\":\"https:\\\/\\\/moulin-de-la-roque.zag-com.fr\\\/en\\\/shop\\\/aioli-provencal-90g\\\/#primaryimage\"},\"thumbnailUrl\":\"https:\\\/\\\/moulin-de-la-roque.zag-com.fr\\\/wp-content\\\/uploads\\\/2025\\\/06\\\/Publication-Instagram-Minimaliste-Citation-en-Beige-et-Gris-3-1.png\",\"datePublished\":\"2025-06-05T12:34:56+00:00\",\"dateModified\":\"2025-09-25T09:05:04+00:00\",\"description\":\"A\u00efoli Proven\u00e7al 90g la saveur traditionnelle du Sud de la France, id\u00e9ale pour accompagner vos plats et ap\u00e9ritifs. Livraison offerte d\u00e8s 200\u20ac d\u2019achats.\",\"breadcrumb\":{\"@id\":\"https:\\\/\\\/moulin-de-la-roque.zag-com.fr\\\/en\\\/shop\\\/aioli-provencal-90g\\\/#breadcrumb\"},\"inLanguage\":\"en-US\",\"potentialAction\":[{\"@type\":\"ReadAction\",\"target\":[\"https:\\\/\\\/moulin-de-la-roque.zag-com.fr\\\/en\\\/shop\\\/aioli-provencal-90g\\\/\"]}]},{\"@type\":\"ImageObject\",\"inLanguage\":\"en-US\",\"@id\":\"https:\\\/\\\/moulin-de-la-roque.zag-com.fr\\\/en\\\/shop\\\/aioli-provencal-90g\\\/#primaryimage\",\"url\":\"https:\\\/\\\/moulin-de-la-roque.zag-com.fr\\\/wp-content\\\/uploads\\\/2025\\\/06\\\/Publication-Instagram-Minimaliste-Citation-en-Beige-et-Gris-3-1.png\",\"contentUrl\":\"https:\\\/\\\/moulin-de-la-roque.zag-com.fr\\\/wp-content\\\/uploads\\\/2025\\\/06\\\/Publication-Instagram-Minimaliste-Citation-en-Beige-et-Gris-3-1.png\",\"width\":1080,\"height\":1350,\"caption\":\"A\u00efoli Proven\u00e7al 90g\"},{\"@type\":\"BreadcrumbList\",\"@id\":\"https:\\\/\\\/moulin-de-la-roque.zag-com.fr\\\/en\\\/shop\\\/aioli-provencal-90g\\\/#breadcrumb\",\"itemListElement\":[{\"@type\":\"ListItem\",\"position\":1,\"name\":\"Accueil\",\"item\":\"https:\\\/\\\/moulin-de-la-roque.zag-com.fr\\\/en\\\/\"},{\"@type\":\"ListItem\",\"position\":2,\"name\":\"Shop\",\"item\":\"https:\\\/\\\/moulin-de-la-roque.zag-com.fr\\\/en\\\/shop\\\/\"},{\"@type\":\"ListItem\",\"position\":3,\"name\":\"A\u00efoli Proven\u00e7al 90g\"}]},{\"@type\":\"WebSite\",\"@id\":\"https:\\\/\\\/moulin-de-la-roque.zag-com.fr\\\/en\\\/#website\",\"url\":\"https:\\\/\\\/moulin-de-la-roque.zag-com.fr\\\/en\\\/\",\"name\":\"Moulin de la Roque\",\"description\":\"\",\"potentialAction\":[{\"@type\":\"SearchAction\",\"target\":{\"@type\":\"EntryPoint\",\"urlTemplate\":\"https:\\\/\\\/moulin-de-la-roque.zag-com.fr\\\/en\\\/?s={search_term_string}\"},\"query-input\":{\"@type\":\"PropertyValueSpecification\",\"valueRequired\":true,\"valueName\":\"search_term_string\"}}],\"inLanguage\":\"en-US\"}]}<\/script>\n<!-- \/ Yoast SEO plugin. -->","yoast_head_json":{"title":"A\u00efoli Proven\u00e7al 90g","description":"A\u00efoli Proven\u00e7al 90g la saveur traditionnelle du Sud de la France, id\u00e9ale pour accompagner vos plats et ap\u00e9ritifs. Livraison offerte d\u00e8s 200\u20ac d\u2019achats.","robots":{"index":"index","follow":"follow","max-snippet":"max-snippet:-1","max-image-preview":"max-image-preview:large","max-video-preview":"max-video-preview:-1"},"canonical":"https:\/\/moulin-de-la-roque.zag-com.fr\/en\/shop\/aioli-provencal-90g\/","og_locale":"en_US","og_type":"article","og_title":"A\u00efoli Proven\u00e7al 90g","og_description":"A\u00efoli Proven\u00e7al 90g la saveur traditionnelle du Sud de la France, id\u00e9ale pour accompagner vos plats et ap\u00e9ritifs. Livraison offerte d\u00e8s 200\u20ac d\u2019achats.","og_url":"https:\/\/moulin-de-la-roque.zag-com.fr\/en\/shop\/aioli-provencal-90g\/","og_site_name":"Moulin de la Roque","article_modified_time":"2025-09-25T09:05:04+00:00","og_image":[{"width":1080,"height":1350,"url":"https:\/\/moulin-de-la-roque.zag-com.fr\/wp-content\/uploads\/2025\/06\/Publication-Instagram-Minimaliste-Citation-en-Beige-et-Gris-3-1.png","type":"image\/png"}],"twitter_card":"summary_large_image","twitter_misc":{"Est. reading time":"1 minute"},"schema":{"@context":"https:\/\/schema.org","@graph":[{"@type":"WebPage","@id":"https:\/\/moulin-de-la-roque.zag-com.fr\/en\/shop\/aioli-provencal-90g\/","url":"https:\/\/moulin-de-la-roque.zag-com.fr\/en\/shop\/aioli-provencal-90g\/","name":"A\u00efoli Proven\u00e7al 90g","isPartOf":{"@id":"https:\/\/moulin-de-la-roque.zag-com.fr\/en\/#website"},"primaryImageOfPage":{"@id":"https:\/\/moulin-de-la-roque.zag-com.fr\/en\/shop\/aioli-provencal-90g\/#primaryimage"},"image":{"@id":"https:\/\/moulin-de-la-roque.zag-com.fr\/en\/shop\/aioli-provencal-90g\/#primaryimage"},"thumbnailUrl":"https:\/\/moulin-de-la-roque.zag-com.fr\/wp-content\/uploads\/2025\/06\/Publication-Instagram-Minimaliste-Citation-en-Beige-et-Gris-3-1.png","datePublished":"2025-06-05T12:34:56+00:00","dateModified":"2025-09-25T09:05:04+00:00","description":"A\u00efoli Proven\u00e7al 90g la saveur traditionnelle du Sud de la France, id\u00e9ale pour accompagner vos plats et ap\u00e9ritifs. Livraison offerte d\u00e8s 200\u20ac d\u2019achats.","breadcrumb":{"@id":"https:\/\/moulin-de-la-roque.zag-com.fr\/en\/shop\/aioli-provencal-90g\/#breadcrumb"},"inLanguage":"en-US","potentialAction":[{"@type":"ReadAction","target":["https:\/\/moulin-de-la-roque.zag-com.fr\/en\/shop\/aioli-provencal-90g\/"]}]},{"@type":"ImageObject","inLanguage":"en-US","@id":"https:\/\/moulin-de-la-roque.zag-com.fr\/en\/shop\/aioli-provencal-90g\/#primaryimage","url":"https:\/\/moulin-de-la-roque.zag-com.fr\/wp-content\/uploads\/2025\/06\/Publication-Instagram-Minimaliste-Citation-en-Beige-et-Gris-3-1.png","contentUrl":"https:\/\/moulin-de-la-roque.zag-com.fr\/wp-content\/uploads\/2025\/06\/Publication-Instagram-Minimaliste-Citation-en-Beige-et-Gris-3-1.png","width":1080,"height":1350,"caption":"A\u00efoli Proven\u00e7al 90g"},{"@type":"BreadcrumbList","@id":"https:\/\/moulin-de-la-roque.zag-com.fr\/en\/shop\/aioli-provencal-90g\/#breadcrumb","itemListElement":[{"@type":"ListItem","position":1,"name":"Accueil","item":"https:\/\/moulin-de-la-roque.zag-com.fr\/en\/"},{"@type":"ListItem","position":2,"name":"Shop","item":"https:\/\/moulin-de-la-roque.zag-com.fr\/en\/shop\/"},{"@type":"ListItem","position":3,"name":"A\u00efoli Proven\u00e7al 90g"}]},{"@type":"WebSite","@id":"https:\/\/moulin-de-la-roque.zag-com.fr\/en\/#website","url":"https:\/\/moulin-de-la-roque.zag-com.fr\/en\/","name":"Moulin de la Roque","description":"","potentialAction":[{"@type":"SearchAction","target":{"@type":"EntryPoint","urlTemplate":"https:\/\/moulin-de-la-roque.zag-com.fr\/en\/?s={search_term_string}"},"query-input":{"@type":"PropertyValueSpecification","valueRequired":true,"valueName":"search_term_string"}}],"inLanguage":"en-US"}]}},"_links":{"self":[{"href":"https:\/\/moulin-de-la-roque.zag-com.fr\/en\/wp-json\/wp\/v2\/product\/17862","targetHints":{"allow":["GET"]}}],"collection":[{"href":"https:\/\/moulin-de-la-roque.zag-com.fr\/en\/wp-json\/wp\/v2\/product"}],"about":[{"href":"https:\/\/moulin-de-la-roque.zag-com.fr\/en\/wp-json\/wp\/v2\/types\/product"}],"replies":[{"embeddable":true,"href":"https:\/\/moulin-de-la-roque.zag-com.fr\/en\/wp-json\/wp\/v2\/comments?post=17862"}],"wp:featuredmedia":[{"embeddable":true,"href":"https:\/\/moulin-de-la-roque.zag-com.fr\/en\/wp-json\/wp\/v2\/media\/18022"}],"wp:attachment":[{"href":"https:\/\/moulin-de-la-roque.zag-com.fr\/en\/wp-json\/wp\/v2\/media?parent=17862"}],"wp:term":[{"taxonomy":"product_brand","embeddable":true,"href":"https:\/\/moulin-de-la-roque.zag-com.fr\/en\/wp-json\/wp\/v2\/product_brand?post=17862"},{"taxonomy":"product_cat","embeddable":true,"href":"https:\/\/moulin-de-la-roque.zag-com.fr\/en\/wp-json\/wp\/v2\/product_cat?post=17862"},{"taxonomy":"product_tag","embeddable":true,"href":"https:\/\/moulin-de-la-roque.zag-com.fr\/en\/wp-json\/wp\/v2\/product_tag?post=17862"}],"curies":[{"name":"wp","href":"https:\/\/api.w.org\/{rel}","templated":true}]}}