{"id":17944,"date":"2025-06-10T10:51:11","date_gmt":"2025-06-10T08:51:11","guid":{"rendered":"https:\/\/moulin-de-la-roque.zag-com.fr\/?post_type=product&#038;p=17944"},"modified":"2025-10-03T15:34:16","modified_gmt":"2025-10-03T13:34:16","slug":"bouchon-cristal","status":"publish","type":"product","link":"https:\/\/moulin-de-la-roque.zag-com.fr\/en\/shop\/bouchon-cristal\/","title":{"rendered":"Bouchon cristal"},"content":{"rendered":"<article class=\"text-token-text-primary w-full\" dir=\"auto\" data-testid=\"conversation-turn-54\" data-scroll-anchor=\"true\">\n<div class=\"text-base my-auto mx-auto py-5 [--thread-content-margin:--spacing(4)] @[37rem]:[--thread-content-margin:--spacing(6)] @[72rem]:[--thread-content-margin:--spacing(16)] px-(--thread-content-margin)\">\n<div class=\"[--thread-content-max-width:32rem] @[34rem]:[--thread-content-max-width:40rem] @[64rem]:[--thread-content-max-width:48rem] mx-auto flex max-w-(--thread-content-max-width) flex-1 text-base gap-4 md:gap-5 lg:gap-6 group\/turn-messages focus-visible:outline-hidden\" tabindex=\"-1\">\n<div class=\"group\/conversation-turn relative flex w-full min-w-0 flex-col agent-turn\">\n<div class=\"relative flex-col gap-1 md:gap-3\">\n<div class=\"flex max-w-full flex-col grow\">\n<div class=\"min-h-8 text-message relative flex w-full flex-col items-end gap-2 text-start break-words whitespace-normal [.text-message+&amp;]:mt-5\" dir=\"auto\" data-message-author-role=\"assistant\" data-message-id=\"c041029b-6a3f-4065-b483-6e6da4a12b81\" data-message-model-slug=\"gpt-4-1-mini\">\n<div class=\"flex w-full flex-col gap-1 empty:hidden first:pt-[3px]\">\n<div class=\"markdown prose dark:prose-invert w-full break-words light\">\n<p data-start=\"72\" data-end=\"335\">Les bouchons en verre sont la solution id\u00e9ale : plus esth\u00e9tiques et durables que les bouchons synth\u00e9tiques ou en li\u00e8ge, ces bouchons sont un moyen simple et pratique d\u2019assurer une bonne conservation du vin tout en respectant l\u2019environnement.<\/p>\n<p data-start=\"72\" data-end=\"335\">Le syst\u00e8me Vinolok permet un surbouchage \u00e9tanche et s\u00fbr qui r\u00e9duit le risque de contamination du vin. Le haut du bouchon se compose d\u2019un joint int\u00e9gr\u00e9 dans la partie post\u00e9rieure du bouchon qui assure une fermeture herm\u00e9tique et permet un climat stable \u00e0 l&#8217;int\u00e9rieur de votre bouteille de vin. Ce syst\u00e8me offre une meilleure qualit\u00e9 organoleptique pendant plus longtemps et garantit la puret\u00e9 aromatique du vin.<\/p>\n<p class=\"\" data-start=\"72\" data-end=\"335\"><strong data-start=\"282\" data-end=\"302\">Caract\u00e9ristiques<\/strong><\/p>\n<\/div>\n<\/div>\n<\/div>\n<\/div>\n<\/div>\n<\/div>\n<\/div>\n<\/div>\n<\/article>\n<dl class=\"data-sheet\">\n<dt class=\"name col-xs-6\">Fabriqu\u00e9: En Europe<\/dt>\n<dt class=\"name col-xs-6\">Diam\u00e8tre : 30mm<\/dt>\n<dt>Mati\u00e8re : verre transparent<\/dt>\n<dt><\/dt>\n<dt>Livr\u00e9 \u00e0 l&#8217;unit\u00e9<\/dt>\n<dt class=\"name col-xs-6\"><\/dt>\n<\/dl>\n","protected":false},"excerpt":{"rendered":"<p>Les bouchons en verre sont la solution id\u00e9ale : plus esth\u00e9tiques et durables que les bouchons synth\u00e9tiques ou en li\u00e8ge, ces bouchons sont un moyen simple et pratique d\u2019assurer une bonne conservation du vin tout en respectant l\u2019environnement. Le syst\u00e8me Vinolok permet un surbouchage \u00e9tanche et s\u00fbr qui r\u00e9duit le risque de contamination du vin.&hellip;<\/p>\n","protected":false},"featured_media":23369,"comment_status":"open","ping_status":"closed","template":"","meta":{"_acf_changed":false},"product_brand":[619,620,621,622],"product_cat":[435],"product_tag":[],"class_list":{"0":"post-17944","1":"product","2":"type-product","3":"status-publish","4":"has-post-thumbnail","6":"product_brand-customer","7":"product_brand-customer_club","8":"product_brand-customer_grossiste","9":"product_brand-customer_pro","10":"product_cat-accessories","12":"first","13":"instock","14":"taxable","15":"shipping-taxable","16":"purchasable","17":"product-type-simple","18":"add-to-wishlist-before_image"},"group_of_quantity":0,"min_quantity":0,"max_quantity":"","exclude_order_quantity_value_rules":"no","exclude_category_quantity_rules":"no","combine_variations":"no","acf":[],"yoast_head":"<!-- This site is optimized with the Yoast SEO plugin v27.5 - https:\/\/yoast.com\/product\/yoast-seo-wordpress\/ -->\n<title>Bouchon cristal Moulin de la Roque<\/title>\n<meta name=\"description\" content=\"Bouchon cristal est raffin\u00e9 et transparent, id\u00e9al pour refermer vos bouteilles avec \u00e9l\u00e9gance tout en conservant leurs ar\u00f4mes.\" \/>\n<meta name=\"robots\" content=\"index, follow, max-snippet:-1, max-image-preview:large, max-video-preview:-1\" \/>\n<link rel=\"canonical\" href=\"https:\/\/moulin-de-la-roque.zag-com.fr\/en\/shop\/bouchon-cristal\/\" \/>\n<meta property=\"og:locale\" content=\"en_US\" \/>\n<meta property=\"og:type\" content=\"article\" \/>\n<meta property=\"og:title\" content=\"Bouchon cristal Moulin de la Roque\" \/>\n<meta property=\"og:description\" content=\"Bouchon cristal est raffin\u00e9 et transparent, id\u00e9al pour refermer vos bouteilles avec \u00e9l\u00e9gance tout en conservant leurs ar\u00f4mes.\" \/>\n<meta property=\"og:url\" content=\"https:\/\/moulin-de-la-roque.zag-com.fr\/en\/shop\/bouchon-cristal\/\" \/>\n<meta property=\"og:site_name\" content=\"Moulin de la Roque\" \/>\n<meta property=\"article:modified_time\" content=\"2025-10-03T13:34:16+00:00\" \/>\n<meta property=\"og:image\" content=\"https:\/\/moulin-de-la-roque.zag-com.fr\/wp-content\/uploads\/2025\/06\/vinolok-sur-suport-scaled-e1759498178313.png\" \/>\n\t<meta property=\"og:image:width\" content=\"400\" \/>\n\t<meta property=\"og:image:height\" content=\"572\" \/>\n\t<meta property=\"og:image:type\" content=\"image\/png\" \/>\n<meta name=\"twitter:card\" content=\"summary_large_image\" \/>\n<meta name=\"twitter:label1\" content=\"Est. reading time\" \/>\n\t<meta name=\"twitter:data1\" content=\"1 minute\" \/>\n<script type=\"application\/ld+json\" class=\"yoast-schema-graph\">{\"@context\":\"https:\\\/\\\/schema.org\",\"@graph\":[{\"@type\":\"WebPage\",\"@id\":\"https:\\\/\\\/moulin-de-la-roque.zag-com.fr\\\/en\\\/shop\\\/bouchon-cristal\\\/\",\"url\":\"https:\\\/\\\/moulin-de-la-roque.zag-com.fr\\\/en\\\/shop\\\/bouchon-cristal\\\/\",\"name\":\"Bouchon cristal Moulin de la Roque\",\"isPartOf\":{\"@id\":\"https:\\\/\\\/moulin-de-la-roque.zag-com.fr\\\/en\\\/#website\"},\"primaryImageOfPage\":{\"@id\":\"https:\\\/\\\/moulin-de-la-roque.zag-com.fr\\\/en\\\/shop\\\/bouchon-cristal\\\/#primaryimage\"},\"image\":{\"@id\":\"https:\\\/\\\/moulin-de-la-roque.zag-com.fr\\\/en\\\/shop\\\/bouchon-cristal\\\/#primaryimage\"},\"thumbnailUrl\":\"https:\\\/\\\/moulin-de-la-roque.zag-com.fr\\\/wp-content\\\/uploads\\\/2025\\\/06\\\/vinolok-sur-suport-scaled-e1759498178313.png\",\"datePublished\":\"2025-06-10T08:51:11+00:00\",\"dateModified\":\"2025-10-03T13:34:16+00:00\",\"description\":\"Bouchon cristal est raffin\u00e9 et transparent, id\u00e9al pour refermer vos bouteilles avec \u00e9l\u00e9gance tout en conservant leurs ar\u00f4mes.\",\"breadcrumb\":{\"@id\":\"https:\\\/\\\/moulin-de-la-roque.zag-com.fr\\\/en\\\/shop\\\/bouchon-cristal\\\/#breadcrumb\"},\"inLanguage\":\"en-US\",\"potentialAction\":[{\"@type\":\"ReadAction\",\"target\":[\"https:\\\/\\\/moulin-de-la-roque.zag-com.fr\\\/en\\\/shop\\\/bouchon-cristal\\\/\"]}]},{\"@type\":\"ImageObject\",\"inLanguage\":\"en-US\",\"@id\":\"https:\\\/\\\/moulin-de-la-roque.zag-com.fr\\\/en\\\/shop\\\/bouchon-cristal\\\/#primaryimage\",\"url\":\"https:\\\/\\\/moulin-de-la-roque.zag-com.fr\\\/wp-content\\\/uploads\\\/2025\\\/06\\\/vinolok-sur-suport-scaled-e1759498178313.png\",\"contentUrl\":\"https:\\\/\\\/moulin-de-la-roque.zag-com.fr\\\/wp-content\\\/uploads\\\/2025\\\/06\\\/vinolok-sur-suport-scaled-e1759498178313.png\",\"width\":400,\"height\":572,\"caption\":\"Vinolok sur suport\"},{\"@type\":\"BreadcrumbList\",\"@id\":\"https:\\\/\\\/moulin-de-la-roque.zag-com.fr\\\/en\\\/shop\\\/bouchon-cristal\\\/#breadcrumb\",\"itemListElement\":[{\"@type\":\"ListItem\",\"position\":1,\"name\":\"Accueil\",\"item\":\"https:\\\/\\\/moulin-de-la-roque.zag-com.fr\\\/en\\\/\"},{\"@type\":\"ListItem\",\"position\":2,\"name\":\"Shop\",\"item\":\"https:\\\/\\\/moulin-de-la-roque.zag-com.fr\\\/en\\\/shop\\\/\"},{\"@type\":\"ListItem\",\"position\":3,\"name\":\"Bouchon cristal\"}]},{\"@type\":\"WebSite\",\"@id\":\"https:\\\/\\\/moulin-de-la-roque.zag-com.fr\\\/en\\\/#website\",\"url\":\"https:\\\/\\\/moulin-de-la-roque.zag-com.fr\\\/en\\\/\",\"name\":\"Moulin de la Roque\",\"description\":\"\",\"potentialAction\":[{\"@type\":\"SearchAction\",\"target\":{\"@type\":\"EntryPoint\",\"urlTemplate\":\"https:\\\/\\\/moulin-de-la-roque.zag-com.fr\\\/en\\\/?s={search_term_string}\"},\"query-input\":{\"@type\":\"PropertyValueSpecification\",\"valueRequired\":true,\"valueName\":\"search_term_string\"}}],\"inLanguage\":\"en-US\"}]}<\/script>\n<!-- \/ Yoast SEO plugin. -->","yoast_head_json":{"title":"Bouchon cristal Moulin de la Roque","description":"Bouchon cristal est raffin\u00e9 et transparent, id\u00e9al pour refermer vos bouteilles avec \u00e9l\u00e9gance tout en conservant leurs ar\u00f4mes.","robots":{"index":"index","follow":"follow","max-snippet":"max-snippet:-1","max-image-preview":"max-image-preview:large","max-video-preview":"max-video-preview:-1"},"canonical":"https:\/\/moulin-de-la-roque.zag-com.fr\/en\/shop\/bouchon-cristal\/","og_locale":"en_US","og_type":"article","og_title":"Bouchon cristal Moulin de la Roque","og_description":"Bouchon cristal est raffin\u00e9 et transparent, id\u00e9al pour refermer vos bouteilles avec \u00e9l\u00e9gance tout en conservant leurs ar\u00f4mes.","og_url":"https:\/\/moulin-de-la-roque.zag-com.fr\/en\/shop\/bouchon-cristal\/","og_site_name":"Moulin de la Roque","article_modified_time":"2025-10-03T13:34:16+00:00","og_image":[{"width":400,"height":572,"url":"https:\/\/moulin-de-la-roque.zag-com.fr\/wp-content\/uploads\/2025\/06\/vinolok-sur-suport-scaled-e1759498178313.png","type":"image\/png"}],"twitter_card":"summary_large_image","twitter_misc":{"Est. reading time":"1 minute"},"schema":{"@context":"https:\/\/schema.org","@graph":[{"@type":"WebPage","@id":"https:\/\/moulin-de-la-roque.zag-com.fr\/en\/shop\/bouchon-cristal\/","url":"https:\/\/moulin-de-la-roque.zag-com.fr\/en\/shop\/bouchon-cristal\/","name":"Bouchon cristal Moulin de la Roque","isPartOf":{"@id":"https:\/\/moulin-de-la-roque.zag-com.fr\/en\/#website"},"primaryImageOfPage":{"@id":"https:\/\/moulin-de-la-roque.zag-com.fr\/en\/shop\/bouchon-cristal\/#primaryimage"},"image":{"@id":"https:\/\/moulin-de-la-roque.zag-com.fr\/en\/shop\/bouchon-cristal\/#primaryimage"},"thumbnailUrl":"https:\/\/moulin-de-la-roque.zag-com.fr\/wp-content\/uploads\/2025\/06\/vinolok-sur-suport-scaled-e1759498178313.png","datePublished":"2025-06-10T08:51:11+00:00","dateModified":"2025-10-03T13:34:16+00:00","description":"Bouchon cristal est raffin\u00e9 et transparent, id\u00e9al pour refermer vos bouteilles avec \u00e9l\u00e9gance tout en conservant leurs ar\u00f4mes.","breadcrumb":{"@id":"https:\/\/moulin-de-la-roque.zag-com.fr\/en\/shop\/bouchon-cristal\/#breadcrumb"},"inLanguage":"en-US","potentialAction":[{"@type":"ReadAction","target":["https:\/\/moulin-de-la-roque.zag-com.fr\/en\/shop\/bouchon-cristal\/"]}]},{"@type":"ImageObject","inLanguage":"en-US","@id":"https:\/\/moulin-de-la-roque.zag-com.fr\/en\/shop\/bouchon-cristal\/#primaryimage","url":"https:\/\/moulin-de-la-roque.zag-com.fr\/wp-content\/uploads\/2025\/06\/vinolok-sur-suport-scaled-e1759498178313.png","contentUrl":"https:\/\/moulin-de-la-roque.zag-com.fr\/wp-content\/uploads\/2025\/06\/vinolok-sur-suport-scaled-e1759498178313.png","width":400,"height":572,"caption":"Vinolok sur suport"},{"@type":"BreadcrumbList","@id":"https:\/\/moulin-de-la-roque.zag-com.fr\/en\/shop\/bouchon-cristal\/#breadcrumb","itemListElement":[{"@type":"ListItem","position":1,"name":"Accueil","item":"https:\/\/moulin-de-la-roque.zag-com.fr\/en\/"},{"@type":"ListItem","position":2,"name":"Shop","item":"https:\/\/moulin-de-la-roque.zag-com.fr\/en\/shop\/"},{"@type":"ListItem","position":3,"name":"Bouchon cristal"}]},{"@type":"WebSite","@id":"https:\/\/moulin-de-la-roque.zag-com.fr\/en\/#website","url":"https:\/\/moulin-de-la-roque.zag-com.fr\/en\/","name":"Moulin de la Roque","description":"","potentialAction":[{"@type":"SearchAction","target":{"@type":"EntryPoint","urlTemplate":"https:\/\/moulin-de-la-roque.zag-com.fr\/en\/?s={search_term_string}"},"query-input":{"@type":"PropertyValueSpecification","valueRequired":true,"valueName":"search_term_string"}}],"inLanguage":"en-US"}]}},"_links":{"self":[{"href":"https:\/\/moulin-de-la-roque.zag-com.fr\/en\/wp-json\/wp\/v2\/product\/17944","targetHints":{"allow":["GET"]}}],"collection":[{"href":"https:\/\/moulin-de-la-roque.zag-com.fr\/en\/wp-json\/wp\/v2\/product"}],"about":[{"href":"https:\/\/moulin-de-la-roque.zag-com.fr\/en\/wp-json\/wp\/v2\/types\/product"}],"replies":[{"embeddable":true,"href":"https:\/\/moulin-de-la-roque.zag-com.fr\/en\/wp-json\/wp\/v2\/comments?post=17944"}],"wp:featuredmedia":[{"embeddable":true,"href":"https:\/\/moulin-de-la-roque.zag-com.fr\/en\/wp-json\/wp\/v2\/media\/23369"}],"wp:attachment":[{"href":"https:\/\/moulin-de-la-roque.zag-com.fr\/en\/wp-json\/wp\/v2\/media?parent=17944"}],"wp:term":[{"taxonomy":"product_brand","embeddable":true,"href":"https:\/\/moulin-de-la-roque.zag-com.fr\/en\/wp-json\/wp\/v2\/product_brand?post=17944"},{"taxonomy":"product_cat","embeddable":true,"href":"https:\/\/moulin-de-la-roque.zag-com.fr\/en\/wp-json\/wp\/v2\/product_cat?post=17944"},{"taxonomy":"product_tag","embeddable":true,"href":"https:\/\/moulin-de-la-roque.zag-com.fr\/en\/wp-json\/wp\/v2\/product_tag?post=17944"}],"curies":[{"name":"wp","href":"https:\/\/api.w.org\/{rel}","templated":true}]}}