{"id":19879,"date":"2025-06-24T08:56:53","date_gmt":"2025-06-24T06:56:53","guid":{"rendered":"https:\/\/moulin-de-la-roque.zag-com.fr\/?post_type=product&#038;p=19879"},"modified":"2025-07-16T15:24:34","modified_gmt":"2025-07-16T13:24:34","slug":"prestation-sur-mesure","status":"publish","type":"product","link":"https:\/\/moulin-de-la-roque.zag-com.fr\/en\/shop\/prestation-sur-mesure\/","title":{"rendered":"Prestation sur Mesure"},"content":{"rendered":"<p><img fetchpriority=\"high\" decoding=\"async\" class=\"alignnone wp-image-5184 size-medium\" src=\"https:\/\/moulin-de-la-roque.zag-com.fr\/wp-content\/uploads\/2023\/04\/VILLAROCA-SUR-TABLE-plan-laaaarge-300x168.png\" alt=\"\" width=\"300\" height=\"168\" srcset=\"https:\/\/moulin-de-la-roque.zag-com.fr\/wp-content\/uploads\/2023\/04\/VILLAROCA-SUR-TABLE-plan-laaaarge-300x168.png 300w, https:\/\/moulin-de-la-roque.zag-com.fr\/wp-content\/uploads\/2023\/04\/VILLAROCA-SUR-TABLE-plan-laaaarge-768x429.png 768w, https:\/\/moulin-de-la-roque.zag-com.fr\/wp-content\/uploads\/2023\/04\/VILLAROCA-SUR-TABLE-plan-laaaarge-900x503.png 900w, https:\/\/moulin-de-la-roque.zag-com.fr\/wp-content\/uploads\/2023\/04\/VILLAROCA-SUR-TABLE-plan-laaaarge-600x335.png 600w, https:\/\/moulin-de-la-roque.zag-com.fr\/wp-content\/uploads\/2023\/04\/VILLAROCA-SUR-TABLE-plan-laaaarge.png 963w\" sizes=\"(max-width: 300px) 100vw, 300px\" \/><\/p>\n","protected":false},"excerpt":{"rendered":"<h4>D\u00e9gustation, S\u00e9minaire, Anniversaire, D\u00e9part en retraite&#8230;<\/h4>\n<p>De nombreuses occasions peuvent \u00eatre c\u00e9l\u00e9br\u00e9es au Moulin de la Roque !<\/p>\n<p>Pour toute demande personnalis\u00e9e veuillez nous contacter en pr\u00e9cisant :<\/p>\n<ul>\n<li>le nombre de personnes<\/li>\n<li>le jour et horaire souhait\u00e9<\/li>\n<li>les prestations souhait\u00e9es : d\u00e9gustation, visite, option ap\u00e9ritif dinatoire, buffet ou repas<\/li>\n<\/ul>\n<p>Un devis vous sera \u00e9tabli en fonction des possibilit\u00e9s de r\u00e9alisation.<\/p>\n<p><strong>Contactez nous au 04 94 90 10 39 ou par le <a href=\"https:\/\/moulin-de-la-roque.zag-com.fr\/nous-rendre-visite\/\" target=\"_blank\" rel=\"noopener\">formulaire de contact<\/a><\/strong><\/p>\n","protected":false},"featured_media":19903,"comment_status":"closed","ping_status":"closed","template":"","meta":{"_acf_changed":false},"product_brand":[],"product_cat":[595],"product_tag":[],"class_list":{"0":"post-19879","1":"product","2":"type-product","3":"status-publish","4":"has-post-thumbnail","6":"product_cat-atelier-degustation","8":"first","9":"instock","10":"taxable","11":"shipping-taxable","12":"product-type-grouped","13":"add-to-wishlist-before_image"},"group_of_quantity":0,"min_quantity":6,"max_quantity":16,"exclude_order_quantity_value_rules":"no","exclude_category_quantity_rules":"no","combine_variations":"no","acf":[],"yoast_head":"<!-- This site is optimized with the Yoast SEO plugin v27.5 - https:\/\/yoast.com\/product\/yoast-seo-wordpress\/ -->\n<title>d\u00e9gustation, visite, \u00e9v\u00e8nement priv\u00e9, anniversaire, s\u00e9minaire<\/title>\n<meta name=\"description\" content=\"Prestation sur Mesure Moulin de la Roque - demande de devis\" \/>\n<meta name=\"robots\" content=\"index, follow, max-snippet:-1, max-image-preview:large, max-video-preview:-1\" \/>\n<link rel=\"canonical\" href=\"https:\/\/moulin-de-la-roque.zag-com.fr\/en\/shop\/prestation-sur-mesure\/\" \/>\n<meta property=\"og:locale\" content=\"en_US\" \/>\n<meta property=\"og:type\" content=\"article\" \/>\n<meta property=\"og:title\" content=\"d\u00e9gustation, visite, \u00e9v\u00e8nement priv\u00e9, anniversaire, s\u00e9minaire\" \/>\n<meta property=\"og:description\" content=\"Prestation sur Mesure Moulin de la Roque - demande de devis\" \/>\n<meta property=\"og:url\" content=\"https:\/\/moulin-de-la-roque.zag-com.fr\/en\/shop\/prestation-sur-mesure\/\" \/>\n<meta property=\"og:site_name\" content=\"Moulin de la Roque\" \/>\n<meta property=\"article:modified_time\" content=\"2025-07-16T13:24:34+00:00\" \/>\n<meta property=\"og:image\" content=\"https:\/\/moulin-de-la-roque.zag-com.fr\/wp-content\/uploads\/2025\/06\/12-scaled.jpg\" \/>\n\t<meta property=\"og:image:width\" content=\"2560\" \/>\n\t<meta property=\"og:image:height\" content=\"1707\" \/>\n\t<meta property=\"og:image:type\" content=\"image\/jpeg\" \/>\n<meta name=\"twitter:card\" content=\"summary_large_image\" \/>\n<meta name=\"twitter:label1\" content=\"Est. reading time\" \/>\n\t<meta name=\"twitter:data1\" content=\"1 minute\" \/>\n<script type=\"application\/ld+json\" class=\"yoast-schema-graph\">{\"@context\":\"https:\\\/\\\/schema.org\",\"@graph\":[{\"@type\":\"WebPage\",\"@id\":\"https:\\\/\\\/moulin-de-la-roque.zag-com.fr\\\/en\\\/shop\\\/prestation-sur-mesure\\\/\",\"url\":\"https:\\\/\\\/moulin-de-la-roque.zag-com.fr\\\/en\\\/shop\\\/prestation-sur-mesure\\\/\",\"name\":\"d\u00e9gustation, visite, \u00e9v\u00e8nement priv\u00e9, anniversaire, s\u00e9minaire\",\"isPartOf\":{\"@id\":\"https:\\\/\\\/moulin-de-la-roque.zag-com.fr\\\/en\\\/#website\"},\"primaryImageOfPage\":{\"@id\":\"https:\\\/\\\/moulin-de-la-roque.zag-com.fr\\\/en\\\/shop\\\/prestation-sur-mesure\\\/#primaryimage\"},\"image\":{\"@id\":\"https:\\\/\\\/moulin-de-la-roque.zag-com.fr\\\/en\\\/shop\\\/prestation-sur-mesure\\\/#primaryimage\"},\"thumbnailUrl\":\"https:\\\/\\\/moulin-de-la-roque.zag-com.fr\\\/wp-content\\\/uploads\\\/2025\\\/06\\\/12-scaled.jpg\",\"datePublished\":\"2025-06-24T06:56:53+00:00\",\"dateModified\":\"2025-07-16T13:24:34+00:00\",\"description\":\"Prestation sur Mesure Moulin de la Roque - demande de devis\",\"breadcrumb\":{\"@id\":\"https:\\\/\\\/moulin-de-la-roque.zag-com.fr\\\/en\\\/shop\\\/prestation-sur-mesure\\\/#breadcrumb\"},\"inLanguage\":\"en-US\",\"potentialAction\":[{\"@type\":\"ReadAction\",\"target\":[\"https:\\\/\\\/moulin-de-la-roque.zag-com.fr\\\/en\\\/shop\\\/prestation-sur-mesure\\\/\"]}]},{\"@type\":\"ImageObject\",\"inLanguage\":\"en-US\",\"@id\":\"https:\\\/\\\/moulin-de-la-roque.zag-com.fr\\\/en\\\/shop\\\/prestation-sur-mesure\\\/#primaryimage\",\"url\":\"https:\\\/\\\/moulin-de-la-roque.zag-com.fr\\\/wp-content\\\/uploads\\\/2025\\\/06\\\/12-scaled.jpg\",\"contentUrl\":\"https:\\\/\\\/moulin-de-la-roque.zag-com.fr\\\/wp-content\\\/uploads\\\/2025\\\/06\\\/12-scaled.jpg\",\"width\":2560,\"height\":1707},{\"@type\":\"BreadcrumbList\",\"@id\":\"https:\\\/\\\/moulin-de-la-roque.zag-com.fr\\\/en\\\/shop\\\/prestation-sur-mesure\\\/#breadcrumb\",\"itemListElement\":[{\"@type\":\"ListItem\",\"position\":1,\"name\":\"Accueil\",\"item\":\"https:\\\/\\\/moulin-de-la-roque.zag-com.fr\\\/en\\\/\"},{\"@type\":\"ListItem\",\"position\":2,\"name\":\"Shop\",\"item\":\"https:\\\/\\\/moulin-de-la-roque.zag-com.fr\\\/en\\\/shop\\\/\"},{\"@type\":\"ListItem\",\"position\":3,\"name\":\"Prestation sur Mesure\"}]},{\"@type\":\"WebSite\",\"@id\":\"https:\\\/\\\/moulin-de-la-roque.zag-com.fr\\\/en\\\/#website\",\"url\":\"https:\\\/\\\/moulin-de-la-roque.zag-com.fr\\\/en\\\/\",\"name\":\"Moulin de la Roque\",\"description\":\"\",\"potentialAction\":[{\"@type\":\"SearchAction\",\"target\":{\"@type\":\"EntryPoint\",\"urlTemplate\":\"https:\\\/\\\/moulin-de-la-roque.zag-com.fr\\\/en\\\/?s={search_term_string}\"},\"query-input\":{\"@type\":\"PropertyValueSpecification\",\"valueRequired\":true,\"valueName\":\"search_term_string\"}}],\"inLanguage\":\"en-US\"}]}<\/script>\n<!-- \/ Yoast SEO plugin. -->","yoast_head_json":{"title":"d\u00e9gustation, visite, \u00e9v\u00e8nement priv\u00e9, anniversaire, s\u00e9minaire","description":"Prestation sur Mesure Moulin de la Roque - demande de devis","robots":{"index":"index","follow":"follow","max-snippet":"max-snippet:-1","max-image-preview":"max-image-preview:large","max-video-preview":"max-video-preview:-1"},"canonical":"https:\/\/moulin-de-la-roque.zag-com.fr\/en\/shop\/prestation-sur-mesure\/","og_locale":"en_US","og_type":"article","og_title":"d\u00e9gustation, visite, \u00e9v\u00e8nement priv\u00e9, anniversaire, s\u00e9minaire","og_description":"Prestation sur Mesure Moulin de la Roque - demande de devis","og_url":"https:\/\/moulin-de-la-roque.zag-com.fr\/en\/shop\/prestation-sur-mesure\/","og_site_name":"Moulin de la Roque","article_modified_time":"2025-07-16T13:24:34+00:00","og_image":[{"width":2560,"height":1707,"url":"https:\/\/moulin-de-la-roque.zag-com.fr\/wp-content\/uploads\/2025\/06\/12-scaled.jpg","type":"image\/jpeg"}],"twitter_card":"summary_large_image","twitter_misc":{"Est. reading time":"1 minute"},"schema":{"@context":"https:\/\/schema.org","@graph":[{"@type":"WebPage","@id":"https:\/\/moulin-de-la-roque.zag-com.fr\/en\/shop\/prestation-sur-mesure\/","url":"https:\/\/moulin-de-la-roque.zag-com.fr\/en\/shop\/prestation-sur-mesure\/","name":"d\u00e9gustation, visite, \u00e9v\u00e8nement priv\u00e9, anniversaire, s\u00e9minaire","isPartOf":{"@id":"https:\/\/moulin-de-la-roque.zag-com.fr\/en\/#website"},"primaryImageOfPage":{"@id":"https:\/\/moulin-de-la-roque.zag-com.fr\/en\/shop\/prestation-sur-mesure\/#primaryimage"},"image":{"@id":"https:\/\/moulin-de-la-roque.zag-com.fr\/en\/shop\/prestation-sur-mesure\/#primaryimage"},"thumbnailUrl":"https:\/\/moulin-de-la-roque.zag-com.fr\/wp-content\/uploads\/2025\/06\/12-scaled.jpg","datePublished":"2025-06-24T06:56:53+00:00","dateModified":"2025-07-16T13:24:34+00:00","description":"Prestation sur Mesure Moulin de la Roque - demande de devis","breadcrumb":{"@id":"https:\/\/moulin-de-la-roque.zag-com.fr\/en\/shop\/prestation-sur-mesure\/#breadcrumb"},"inLanguage":"en-US","potentialAction":[{"@type":"ReadAction","target":["https:\/\/moulin-de-la-roque.zag-com.fr\/en\/shop\/prestation-sur-mesure\/"]}]},{"@type":"ImageObject","inLanguage":"en-US","@id":"https:\/\/moulin-de-la-roque.zag-com.fr\/en\/shop\/prestation-sur-mesure\/#primaryimage","url":"https:\/\/moulin-de-la-roque.zag-com.fr\/wp-content\/uploads\/2025\/06\/12-scaled.jpg","contentUrl":"https:\/\/moulin-de-la-roque.zag-com.fr\/wp-content\/uploads\/2025\/06\/12-scaled.jpg","width":2560,"height":1707},{"@type":"BreadcrumbList","@id":"https:\/\/moulin-de-la-roque.zag-com.fr\/en\/shop\/prestation-sur-mesure\/#breadcrumb","itemListElement":[{"@type":"ListItem","position":1,"name":"Accueil","item":"https:\/\/moulin-de-la-roque.zag-com.fr\/en\/"},{"@type":"ListItem","position":2,"name":"Shop","item":"https:\/\/moulin-de-la-roque.zag-com.fr\/en\/shop\/"},{"@type":"ListItem","position":3,"name":"Prestation sur Mesure"}]},{"@type":"WebSite","@id":"https:\/\/moulin-de-la-roque.zag-com.fr\/en\/#website","url":"https:\/\/moulin-de-la-roque.zag-com.fr\/en\/","name":"Moulin de la Roque","description":"","potentialAction":[{"@type":"SearchAction","target":{"@type":"EntryPoint","urlTemplate":"https:\/\/moulin-de-la-roque.zag-com.fr\/en\/?s={search_term_string}"},"query-input":{"@type":"PropertyValueSpecification","valueRequired":true,"valueName":"search_term_string"}}],"inLanguage":"en-US"}]}},"_links":{"self":[{"href":"https:\/\/moulin-de-la-roque.zag-com.fr\/en\/wp-json\/wp\/v2\/product\/19879","targetHints":{"allow":["GET"]}}],"collection":[{"href":"https:\/\/moulin-de-la-roque.zag-com.fr\/en\/wp-json\/wp\/v2\/product"}],"about":[{"href":"https:\/\/moulin-de-la-roque.zag-com.fr\/en\/wp-json\/wp\/v2\/types\/product"}],"replies":[{"embeddable":true,"href":"https:\/\/moulin-de-la-roque.zag-com.fr\/en\/wp-json\/wp\/v2\/comments?post=19879"}],"wp:featuredmedia":[{"embeddable":true,"href":"https:\/\/moulin-de-la-roque.zag-com.fr\/en\/wp-json\/wp\/v2\/media\/19903"}],"wp:attachment":[{"href":"https:\/\/moulin-de-la-roque.zag-com.fr\/en\/wp-json\/wp\/v2\/media?parent=19879"}],"wp:term":[{"taxonomy":"product_brand","embeddable":true,"href":"https:\/\/moulin-de-la-roque.zag-com.fr\/en\/wp-json\/wp\/v2\/product_brand?post=19879"},{"taxonomy":"product_cat","embeddable":true,"href":"https:\/\/moulin-de-la-roque.zag-com.fr\/en\/wp-json\/wp\/v2\/product_cat?post=19879"},{"taxonomy":"product_tag","embeddable":true,"href":"https:\/\/moulin-de-la-roque.zag-com.fr\/en\/wp-json\/wp\/v2\/product_tag?post=19879"}],"curies":[{"name":"wp","href":"https:\/\/api.w.org\/{rel}","templated":true}]}}