{"id":20726,"date":"2025-07-17T08:36:20","date_gmt":"2025-07-17T06:36:20","guid":{"rendered":"https:\/\/moulin-de-la-roque.zag-com.fr\/?post_type=product&#038;p=20726"},"modified":"2026-02-20T10:05:47","modified_gmt":"2026-02-20T09:05:47","slug":"vinaigre-balsamique-20cl","status":"publish","type":"product","link":"https:\/\/moulin-de-la-roque.zag-com.fr\/en\/shop\/vinaigre-balsamique-20cl\/","title":{"rendered":"Vinaigre Balsamique"},"content":{"rendered":"<h2 data-start=\"460\" data-end=\"641\">Vinaigre Balsamique<\/h2>\n<p>Vinaigre balsamique artisanal, riche et \u00e9quilibr\u00e9, alliant l\u2019acidit\u00e9 d\u00e9licate du vinaigre de vin au mo\u00fbt de raisin concentr\u00e9, parfait pour sublimer salades, l\u00e9gumes ou desserts.<\/p>\n<p data-start=\"1592\" data-end=\"1752\">D\u00e9couvrez aussi notre <strong><a href=\"https:\/\/moulin-de-la-roque.zag-com.fr\/boutique\/huile-dolive\/\">huile d&#8217;olive<\/a> <\/strong>parfaite pour accompagner votre vinaigre balsamique.<\/p>\n<p data-start=\"1592\" data-end=\"1752\">Contient des sulfites.<\/p>\n","protected":false},"excerpt":{"rendered":"<p>Vinaigre Balsamique Vinaigre balsamique artisanal, riche et \u00e9quilibr\u00e9, alliant l\u2019acidit\u00e9 d\u00e9licate du vinaigre de vin au mo\u00fbt de raisin concentr\u00e9, parfait pour sublimer salades, l\u00e9gumes ou desserts. D\u00e9couvrez aussi notre huile d&#8217;olive parfaite pour accompagner votre vinaigre balsamique. Contient des sulfites.<\/p>\n","protected":false},"featured_media":21076,"comment_status":"open","ping_status":"closed","template":"","meta":{"_acf_changed":false},"product_brand":[619,620,622],"product_cat":[601],"product_tag":[],"class_list":{"0":"post-20726","1":"product","2":"type-product","3":"status-publish","4":"has-post-thumbnail","6":"product_brand-customer","7":"product_brand-customer_club","8":"product_brand-customer_pro","9":"product_cat-grocery","11":"first","12":"outofstock","13":"taxable","14":"shipping-taxable","15":"purchasable","16":"product-type-simple","17":"add-to-wishlist-before_image"},"group_of_quantity":0,"min_quantity":0,"max_quantity":"","exclude_order_quantity_value_rules":"no","exclude_category_quantity_rules":"no","combine_variations":"no","acf":[],"yoast_head":"<!-- This site is optimized with the Yoast SEO plugin v27.5 - https:\/\/yoast.com\/product\/yoast-seo-wordpress\/ -->\n<title>Vinaigre Balsamique Moulin de la Roque | Condiment artisanal<\/title>\n<meta name=\"description\" content=\"Vinaigre balsamique artisanal 20 cl, id\u00e9al pour salades, marinades et plats raffin\u00e9s. Un incontournable de la cuisine m\u00e9diterran\u00e9enne.\" \/>\n<meta name=\"robots\" content=\"index, follow, max-snippet:-1, max-image-preview:large, max-video-preview:-1\" \/>\n<link rel=\"canonical\" href=\"https:\/\/moulin-de-la-roque.zag-com.fr\/en\/shop\/vinaigre-balsamique-20cl\/\" \/>\n<meta property=\"og:locale\" content=\"en_US\" \/>\n<meta property=\"og:type\" content=\"article\" \/>\n<meta property=\"og:title\" content=\"Vinaigre Balsamique Moulin de la Roque | Condiment artisanal\" \/>\n<meta property=\"og:description\" content=\"Vinaigre balsamique artisanal 20 cl, id\u00e9al pour salades, marinades et plats raffin\u00e9s. Un incontournable de la cuisine m\u00e9diterran\u00e9enne.\" \/>\n<meta property=\"og:url\" content=\"https:\/\/moulin-de-la-roque.zag-com.fr\/en\/shop\/vinaigre-balsamique-20cl\/\" \/>\n<meta property=\"og:site_name\" content=\"Moulin de la Roque\" \/>\n<meta property=\"article:modified_time\" content=\"2026-02-20T09:05:47+00:00\" \/>\n<meta property=\"og:image\" content=\"https:\/\/moulin-de-la-roque.zag-com.fr\/wp-content\/uploads\/2025\/06\/image000041-scaled.jpeg\" \/>\n\t<meta property=\"og:image:width\" content=\"1440\" \/>\n\t<meta property=\"og:image:height\" content=\"2560\" \/>\n\t<meta property=\"og:image:type\" content=\"image\/jpeg\" \/>\n<meta name=\"twitter:card\" content=\"summary_large_image\" \/>\n<meta name=\"twitter:label1\" content=\"Est. reading time\" \/>\n\t<meta name=\"twitter:data1\" content=\"1 minute\" \/>\n<script type=\"application\/ld+json\" class=\"yoast-schema-graph\">{\"@context\":\"https:\\\/\\\/schema.org\",\"@graph\":[{\"@type\":\"WebPage\",\"@id\":\"https:\\\/\\\/moulin-de-la-roque.zag-com.fr\\\/en\\\/shop\\\/vinaigre-balsamique-20cl\\\/\",\"url\":\"https:\\\/\\\/moulin-de-la-roque.zag-com.fr\\\/en\\\/shop\\\/vinaigre-balsamique-20cl\\\/\",\"name\":\"Vinaigre Balsamique Moulin de la Roque | Condiment artisanal\",\"isPartOf\":{\"@id\":\"https:\\\/\\\/moulin-de-la-roque.zag-com.fr\\\/en\\\/#website\"},\"primaryImageOfPage\":{\"@id\":\"https:\\\/\\\/moulin-de-la-roque.zag-com.fr\\\/en\\\/shop\\\/vinaigre-balsamique-20cl\\\/#primaryimage\"},\"image\":{\"@id\":\"https:\\\/\\\/moulin-de-la-roque.zag-com.fr\\\/en\\\/shop\\\/vinaigre-balsamique-20cl\\\/#primaryimage\"},\"thumbnailUrl\":\"https:\\\/\\\/moulin-de-la-roque.zag-com.fr\\\/wp-content\\\/uploads\\\/2025\\\/06\\\/image000041-scaled.jpeg\",\"datePublished\":\"2025-07-17T06:36:20+00:00\",\"dateModified\":\"2026-02-20T09:05:47+00:00\",\"description\":\"Vinaigre balsamique artisanal 20 cl, id\u00e9al pour salades, marinades et plats raffin\u00e9s. Un incontournable de la cuisine m\u00e9diterran\u00e9enne.\",\"breadcrumb\":{\"@id\":\"https:\\\/\\\/moulin-de-la-roque.zag-com.fr\\\/en\\\/shop\\\/vinaigre-balsamique-20cl\\\/#breadcrumb\"},\"inLanguage\":\"en-US\",\"potentialAction\":[{\"@type\":\"ReadAction\",\"target\":[\"https:\\\/\\\/moulin-de-la-roque.zag-com.fr\\\/en\\\/shop\\\/vinaigre-balsamique-20cl\\\/\"]}]},{\"@type\":\"ImageObject\",\"inLanguage\":\"en-US\",\"@id\":\"https:\\\/\\\/moulin-de-la-roque.zag-com.fr\\\/en\\\/shop\\\/vinaigre-balsamique-20cl\\\/#primaryimage\",\"url\":\"https:\\\/\\\/moulin-de-la-roque.zag-com.fr\\\/wp-content\\\/uploads\\\/2025\\\/06\\\/image000041-scaled.jpeg\",\"contentUrl\":\"https:\\\/\\\/moulin-de-la-roque.zag-com.fr\\\/wp-content\\\/uploads\\\/2025\\\/06\\\/image000041-scaled.jpeg\",\"width\":1440,\"height\":2560},{\"@type\":\"BreadcrumbList\",\"@id\":\"https:\\\/\\\/moulin-de-la-roque.zag-com.fr\\\/en\\\/shop\\\/vinaigre-balsamique-20cl\\\/#breadcrumb\",\"itemListElement\":[{\"@type\":\"ListItem\",\"position\":1,\"name\":\"Accueil\",\"item\":\"https:\\\/\\\/moulin-de-la-roque.zag-com.fr\\\/en\\\/\"},{\"@type\":\"ListItem\",\"position\":2,\"name\":\"Shop\",\"item\":\"https:\\\/\\\/moulin-de-la-roque.zag-com.fr\\\/en\\\/shop\\\/\"},{\"@type\":\"ListItem\",\"position\":3,\"name\":\"Vinaigre Balsamique\"}]},{\"@type\":\"WebSite\",\"@id\":\"https:\\\/\\\/moulin-de-la-roque.zag-com.fr\\\/en\\\/#website\",\"url\":\"https:\\\/\\\/moulin-de-la-roque.zag-com.fr\\\/en\\\/\",\"name\":\"Moulin de la Roque\",\"description\":\"\",\"potentialAction\":[{\"@type\":\"SearchAction\",\"target\":{\"@type\":\"EntryPoint\",\"urlTemplate\":\"https:\\\/\\\/moulin-de-la-roque.zag-com.fr\\\/en\\\/?s={search_term_string}\"},\"query-input\":{\"@type\":\"PropertyValueSpecification\",\"valueRequired\":true,\"valueName\":\"search_term_string\"}}],\"inLanguage\":\"en-US\"}]}<\/script>\n<!-- \/ Yoast SEO plugin. -->","yoast_head_json":{"title":"Vinaigre Balsamique Moulin de la Roque | Condiment artisanal","description":"Vinaigre balsamique artisanal 20 cl, id\u00e9al pour salades, marinades et plats raffin\u00e9s. Un incontournable de la cuisine m\u00e9diterran\u00e9enne.","robots":{"index":"index","follow":"follow","max-snippet":"max-snippet:-1","max-image-preview":"max-image-preview:large","max-video-preview":"max-video-preview:-1"},"canonical":"https:\/\/moulin-de-la-roque.zag-com.fr\/en\/shop\/vinaigre-balsamique-20cl\/","og_locale":"en_US","og_type":"article","og_title":"Vinaigre Balsamique Moulin de la Roque | Condiment artisanal","og_description":"Vinaigre balsamique artisanal 20 cl, id\u00e9al pour salades, marinades et plats raffin\u00e9s. Un incontournable de la cuisine m\u00e9diterran\u00e9enne.","og_url":"https:\/\/moulin-de-la-roque.zag-com.fr\/en\/shop\/vinaigre-balsamique-20cl\/","og_site_name":"Moulin de la Roque","article_modified_time":"2026-02-20T09:05:47+00:00","og_image":[{"width":1440,"height":2560,"url":"https:\/\/moulin-de-la-roque.zag-com.fr\/wp-content\/uploads\/2025\/06\/image000041-scaled.jpeg","type":"image\/jpeg"}],"twitter_card":"summary_large_image","twitter_misc":{"Est. reading time":"1 minute"},"schema":{"@context":"https:\/\/schema.org","@graph":[{"@type":"WebPage","@id":"https:\/\/moulin-de-la-roque.zag-com.fr\/en\/shop\/vinaigre-balsamique-20cl\/","url":"https:\/\/moulin-de-la-roque.zag-com.fr\/en\/shop\/vinaigre-balsamique-20cl\/","name":"Vinaigre Balsamique Moulin de la Roque | Condiment artisanal","isPartOf":{"@id":"https:\/\/moulin-de-la-roque.zag-com.fr\/en\/#website"},"primaryImageOfPage":{"@id":"https:\/\/moulin-de-la-roque.zag-com.fr\/en\/shop\/vinaigre-balsamique-20cl\/#primaryimage"},"image":{"@id":"https:\/\/moulin-de-la-roque.zag-com.fr\/en\/shop\/vinaigre-balsamique-20cl\/#primaryimage"},"thumbnailUrl":"https:\/\/moulin-de-la-roque.zag-com.fr\/wp-content\/uploads\/2025\/06\/image000041-scaled.jpeg","datePublished":"2025-07-17T06:36:20+00:00","dateModified":"2026-02-20T09:05:47+00:00","description":"Vinaigre balsamique artisanal 20 cl, id\u00e9al pour salades, marinades et plats raffin\u00e9s. Un incontournable de la cuisine m\u00e9diterran\u00e9enne.","breadcrumb":{"@id":"https:\/\/moulin-de-la-roque.zag-com.fr\/en\/shop\/vinaigre-balsamique-20cl\/#breadcrumb"},"inLanguage":"en-US","potentialAction":[{"@type":"ReadAction","target":["https:\/\/moulin-de-la-roque.zag-com.fr\/en\/shop\/vinaigre-balsamique-20cl\/"]}]},{"@type":"ImageObject","inLanguage":"en-US","@id":"https:\/\/moulin-de-la-roque.zag-com.fr\/en\/shop\/vinaigre-balsamique-20cl\/#primaryimage","url":"https:\/\/moulin-de-la-roque.zag-com.fr\/wp-content\/uploads\/2025\/06\/image000041-scaled.jpeg","contentUrl":"https:\/\/moulin-de-la-roque.zag-com.fr\/wp-content\/uploads\/2025\/06\/image000041-scaled.jpeg","width":1440,"height":2560},{"@type":"BreadcrumbList","@id":"https:\/\/moulin-de-la-roque.zag-com.fr\/en\/shop\/vinaigre-balsamique-20cl\/#breadcrumb","itemListElement":[{"@type":"ListItem","position":1,"name":"Accueil","item":"https:\/\/moulin-de-la-roque.zag-com.fr\/en\/"},{"@type":"ListItem","position":2,"name":"Shop","item":"https:\/\/moulin-de-la-roque.zag-com.fr\/en\/shop\/"},{"@type":"ListItem","position":3,"name":"Vinaigre Balsamique"}]},{"@type":"WebSite","@id":"https:\/\/moulin-de-la-roque.zag-com.fr\/en\/#website","url":"https:\/\/moulin-de-la-roque.zag-com.fr\/en\/","name":"Moulin de la Roque","description":"","potentialAction":[{"@type":"SearchAction","target":{"@type":"EntryPoint","urlTemplate":"https:\/\/moulin-de-la-roque.zag-com.fr\/en\/?s={search_term_string}"},"query-input":{"@type":"PropertyValueSpecification","valueRequired":true,"valueName":"search_term_string"}}],"inLanguage":"en-US"}]}},"_links":{"self":[{"href":"https:\/\/moulin-de-la-roque.zag-com.fr\/en\/wp-json\/wp\/v2\/product\/20726","targetHints":{"allow":["GET"]}}],"collection":[{"href":"https:\/\/moulin-de-la-roque.zag-com.fr\/en\/wp-json\/wp\/v2\/product"}],"about":[{"href":"https:\/\/moulin-de-la-roque.zag-com.fr\/en\/wp-json\/wp\/v2\/types\/product"}],"replies":[{"embeddable":true,"href":"https:\/\/moulin-de-la-roque.zag-com.fr\/en\/wp-json\/wp\/v2\/comments?post=20726"}],"wp:featuredmedia":[{"embeddable":true,"href":"https:\/\/moulin-de-la-roque.zag-com.fr\/en\/wp-json\/wp\/v2\/media\/21076"}],"wp:attachment":[{"href":"https:\/\/moulin-de-la-roque.zag-com.fr\/en\/wp-json\/wp\/v2\/media?parent=20726"}],"wp:term":[{"taxonomy":"product_brand","embeddable":true,"href":"https:\/\/moulin-de-la-roque.zag-com.fr\/en\/wp-json\/wp\/v2\/product_brand?post=20726"},{"taxonomy":"product_cat","embeddable":true,"href":"https:\/\/moulin-de-la-roque.zag-com.fr\/en\/wp-json\/wp\/v2\/product_cat?post=20726"},{"taxonomy":"product_tag","embeddable":true,"href":"https:\/\/moulin-de-la-roque.zag-com.fr\/en\/wp-json\/wp\/v2\/product_tag?post=20726"}],"curies":[{"name":"wp","href":"https:\/\/api.w.org\/{rel}","templated":true}]}}