{"id":20732,"date":"2025-07-17T09:17:05","date_gmt":"2025-07-17T07:17:05","guid":{"rendered":"https:\/\/moulin-de-la-roque.zag-com.fr\/?post_type=product&#038;p=20732"},"modified":"2026-02-20T10:06:54","modified_gmt":"2026-02-20T09:06:54","slug":"vinaigre-de-cidre","status":"publish","type":"product","link":"https:\/\/moulin-de-la-roque.zag-com.fr\/en\/shop\/vinaigre-de-cidre\/","title":{"rendered":"Vinaigre de Cidre"},"content":{"rendered":"<h2 data-start=\"460\" data-end=\"641\">Vinaigre de cidre au miel<\/h2>\n<p>Le vinaigre de cidre au miel est un condiment artisanal tr\u00e8s appr\u00e9ci\u00e9 pour sa douceur et ses bienfaits. Id\u00e9al pour agr\u00e9menter salades et marinades, il apporte une touche unique \u00e0 vos plats.<\/p>\n<p>Pour encore plus de saveurs proven\u00e7ales, d\u00e9couvrez aussi notre <strong><a href=\"https:\/\/moulin-de-la-roque.zag-com.fr\/?post_type=product&amp;p=20751&amp;preview=true\">vinaigre de vin blanc aux herbes<\/a><\/strong><\/p>\n<p>Conservateur : Bisulfite de sodium<\/p>\n","protected":false},"excerpt":{"rendered":"<p>Vinaigre de cidre au miel Le vinaigre de cidre au miel est un condiment artisanal tr\u00e8s appr\u00e9ci\u00e9 pour sa douceur et ses bienfaits. Id\u00e9al pour agr\u00e9menter salades et marinades, il apporte une touche unique \u00e0 vos plats. Pour encore plus de saveurs proven\u00e7ales, d\u00e9couvrez aussi notre vinaigre de vin blanc aux herbes Conservateur : Bisulfite&hellip;<\/p>\n","protected":false},"featured_media":21129,"comment_status":"open","ping_status":"closed","template":"","meta":{"_acf_changed":false},"product_brand":[619,620,622],"product_cat":[601],"product_tag":[],"class_list":{"0":"post-20732","1":"product","2":"type-product","3":"status-publish","4":"has-post-thumbnail","6":"product_brand-customer","7":"product_brand-customer_club","8":"product_brand-customer_pro","9":"product_cat-grocery","11":"first","12":"instock","13":"taxable","14":"shipping-taxable","15":"purchasable","16":"product-type-simple","17":"add-to-wishlist-before_image"},"group_of_quantity":0,"min_quantity":0,"max_quantity":"","exclude_order_quantity_value_rules":"no","exclude_category_quantity_rules":"no","combine_variations":"no","acf":[],"yoast_head":"<!-- This site is optimized with the Yoast SEO plugin v27.5 - https:\/\/yoast.com\/product\/yoast-seo-wordpress\/ -->\n<title>Vinaigre de Cidre Moulin de la Roque | Condiment artisanal<\/title>\n<meta name=\"description\" content=\"Vinaigre de cidre au miel, alliant douceur et saveurs naturelles. Id\u00e9al pour assaisonner salades, marinades et plats vari\u00e9s avec d\u00e9licatesse.\" \/>\n<meta name=\"robots\" content=\"index, follow, max-snippet:-1, max-image-preview:large, max-video-preview:-1\" \/>\n<link rel=\"canonical\" href=\"https:\/\/moulin-de-la-roque.zag-com.fr\/en\/shop\/vinaigre-de-cidre\/\" \/>\n<meta property=\"og:locale\" content=\"en_US\" \/>\n<meta property=\"og:type\" content=\"article\" \/>\n<meta property=\"og:title\" content=\"Vinaigre de Cidre Moulin de la Roque | Condiment artisanal\" \/>\n<meta property=\"og:description\" content=\"Vinaigre de cidre au miel, alliant douceur et saveurs naturelles. Id\u00e9al pour assaisonner salades, marinades et plats vari\u00e9s avec d\u00e9licatesse.\" \/>\n<meta property=\"og:url\" content=\"https:\/\/moulin-de-la-roque.zag-com.fr\/en\/shop\/vinaigre-de-cidre\/\" \/>\n<meta property=\"og:site_name\" content=\"Moulin de la Roque\" \/>\n<meta property=\"article:modified_time\" content=\"2026-02-20T09:06:54+00:00\" \/>\n<meta property=\"og:image\" content=\"https:\/\/moulin-de-la-roque.zag-com.fr\/wp-content\/uploads\/2025\/07\/image0-5-scaled-e1753454299487.jpeg\" \/>\n\t<meta property=\"og:image:width\" content=\"1314\" \/>\n\t<meta property=\"og:image:height\" content=\"2320\" \/>\n\t<meta property=\"og:image:type\" content=\"image\/jpeg\" \/>\n<meta name=\"twitter:card\" content=\"summary_large_image\" \/>\n<meta name=\"twitter:label1\" content=\"Est. reading time\" \/>\n\t<meta name=\"twitter:data1\" content=\"1 minute\" \/>\n<script type=\"application\/ld+json\" class=\"yoast-schema-graph\">{\"@context\":\"https:\\\/\\\/schema.org\",\"@graph\":[{\"@type\":\"WebPage\",\"@id\":\"https:\\\/\\\/moulin-de-la-roque.zag-com.fr\\\/en\\\/shop\\\/vinaigre-de-cidre\\\/\",\"url\":\"https:\\\/\\\/moulin-de-la-roque.zag-com.fr\\\/en\\\/shop\\\/vinaigre-de-cidre\\\/\",\"name\":\"Vinaigre de Cidre Moulin de la Roque | Condiment artisanal\",\"isPartOf\":{\"@id\":\"https:\\\/\\\/moulin-de-la-roque.zag-com.fr\\\/en\\\/#website\"},\"primaryImageOfPage\":{\"@id\":\"https:\\\/\\\/moulin-de-la-roque.zag-com.fr\\\/en\\\/shop\\\/vinaigre-de-cidre\\\/#primaryimage\"},\"image\":{\"@id\":\"https:\\\/\\\/moulin-de-la-roque.zag-com.fr\\\/en\\\/shop\\\/vinaigre-de-cidre\\\/#primaryimage\"},\"thumbnailUrl\":\"https:\\\/\\\/moulin-de-la-roque.zag-com.fr\\\/wp-content\\\/uploads\\\/2025\\\/07\\\/image0-5-scaled-e1753454299487.jpeg\",\"datePublished\":\"2025-07-17T07:17:05+00:00\",\"dateModified\":\"2026-02-20T09:06:54+00:00\",\"description\":\"Vinaigre de cidre au miel, alliant douceur et saveurs naturelles. Id\u00e9al pour assaisonner salades, marinades et plats vari\u00e9s avec d\u00e9licatesse.\",\"breadcrumb\":{\"@id\":\"https:\\\/\\\/moulin-de-la-roque.zag-com.fr\\\/en\\\/shop\\\/vinaigre-de-cidre\\\/#breadcrumb\"},\"inLanguage\":\"en-US\",\"potentialAction\":[{\"@type\":\"ReadAction\",\"target\":[\"https:\\\/\\\/moulin-de-la-roque.zag-com.fr\\\/en\\\/shop\\\/vinaigre-de-cidre\\\/\"]}]},{\"@type\":\"ImageObject\",\"inLanguage\":\"en-US\",\"@id\":\"https:\\\/\\\/moulin-de-la-roque.zag-com.fr\\\/en\\\/shop\\\/vinaigre-de-cidre\\\/#primaryimage\",\"url\":\"https:\\\/\\\/moulin-de-la-roque.zag-com.fr\\\/wp-content\\\/uploads\\\/2025\\\/07\\\/image0-5-scaled-e1753454299487.jpeg\",\"contentUrl\":\"https:\\\/\\\/moulin-de-la-roque.zag-com.fr\\\/wp-content\\\/uploads\\\/2025\\\/07\\\/image0-5-scaled-e1753454299487.jpeg\",\"width\":1314,\"height\":2320},{\"@type\":\"BreadcrumbList\",\"@id\":\"https:\\\/\\\/moulin-de-la-roque.zag-com.fr\\\/en\\\/shop\\\/vinaigre-de-cidre\\\/#breadcrumb\",\"itemListElement\":[{\"@type\":\"ListItem\",\"position\":1,\"name\":\"Accueil\",\"item\":\"https:\\\/\\\/moulin-de-la-roque.zag-com.fr\\\/en\\\/\"},{\"@type\":\"ListItem\",\"position\":2,\"name\":\"Shop\",\"item\":\"https:\\\/\\\/moulin-de-la-roque.zag-com.fr\\\/en\\\/shop\\\/\"},{\"@type\":\"ListItem\",\"position\":3,\"name\":\"Vinaigre de Cidre\"}]},{\"@type\":\"WebSite\",\"@id\":\"https:\\\/\\\/moulin-de-la-roque.zag-com.fr\\\/en\\\/#website\",\"url\":\"https:\\\/\\\/moulin-de-la-roque.zag-com.fr\\\/en\\\/\",\"name\":\"Moulin de la Roque\",\"description\":\"\",\"potentialAction\":[{\"@type\":\"SearchAction\",\"target\":{\"@type\":\"EntryPoint\",\"urlTemplate\":\"https:\\\/\\\/moulin-de-la-roque.zag-com.fr\\\/en\\\/?s={search_term_string}\"},\"query-input\":{\"@type\":\"PropertyValueSpecification\",\"valueRequired\":true,\"valueName\":\"search_term_string\"}}],\"inLanguage\":\"en-US\"}]}<\/script>\n<!-- \/ Yoast SEO plugin. -->","yoast_head_json":{"title":"Vinaigre de Cidre Moulin de la Roque | Condiment artisanal","description":"Vinaigre de cidre au miel, alliant douceur et saveurs naturelles. Id\u00e9al pour assaisonner salades, marinades et plats vari\u00e9s avec d\u00e9licatesse.","robots":{"index":"index","follow":"follow","max-snippet":"max-snippet:-1","max-image-preview":"max-image-preview:large","max-video-preview":"max-video-preview:-1"},"canonical":"https:\/\/moulin-de-la-roque.zag-com.fr\/en\/shop\/vinaigre-de-cidre\/","og_locale":"en_US","og_type":"article","og_title":"Vinaigre de Cidre Moulin de la Roque | Condiment artisanal","og_description":"Vinaigre de cidre au miel, alliant douceur et saveurs naturelles. Id\u00e9al pour assaisonner salades, marinades et plats vari\u00e9s avec d\u00e9licatesse.","og_url":"https:\/\/moulin-de-la-roque.zag-com.fr\/en\/shop\/vinaigre-de-cidre\/","og_site_name":"Moulin de la Roque","article_modified_time":"2026-02-20T09:06:54+00:00","og_image":[{"width":1314,"height":2320,"url":"https:\/\/moulin-de-la-roque.zag-com.fr\/wp-content\/uploads\/2025\/07\/image0-5-scaled-e1753454299487.jpeg","type":"image\/jpeg"}],"twitter_card":"summary_large_image","twitter_misc":{"Est. reading time":"1 minute"},"schema":{"@context":"https:\/\/schema.org","@graph":[{"@type":"WebPage","@id":"https:\/\/moulin-de-la-roque.zag-com.fr\/en\/shop\/vinaigre-de-cidre\/","url":"https:\/\/moulin-de-la-roque.zag-com.fr\/en\/shop\/vinaigre-de-cidre\/","name":"Vinaigre de Cidre Moulin de la Roque | Condiment artisanal","isPartOf":{"@id":"https:\/\/moulin-de-la-roque.zag-com.fr\/en\/#website"},"primaryImageOfPage":{"@id":"https:\/\/moulin-de-la-roque.zag-com.fr\/en\/shop\/vinaigre-de-cidre\/#primaryimage"},"image":{"@id":"https:\/\/moulin-de-la-roque.zag-com.fr\/en\/shop\/vinaigre-de-cidre\/#primaryimage"},"thumbnailUrl":"https:\/\/moulin-de-la-roque.zag-com.fr\/wp-content\/uploads\/2025\/07\/image0-5-scaled-e1753454299487.jpeg","datePublished":"2025-07-17T07:17:05+00:00","dateModified":"2026-02-20T09:06:54+00:00","description":"Vinaigre de cidre au miel, alliant douceur et saveurs naturelles. Id\u00e9al pour assaisonner salades, marinades et plats vari\u00e9s avec d\u00e9licatesse.","breadcrumb":{"@id":"https:\/\/moulin-de-la-roque.zag-com.fr\/en\/shop\/vinaigre-de-cidre\/#breadcrumb"},"inLanguage":"en-US","potentialAction":[{"@type":"ReadAction","target":["https:\/\/moulin-de-la-roque.zag-com.fr\/en\/shop\/vinaigre-de-cidre\/"]}]},{"@type":"ImageObject","inLanguage":"en-US","@id":"https:\/\/moulin-de-la-roque.zag-com.fr\/en\/shop\/vinaigre-de-cidre\/#primaryimage","url":"https:\/\/moulin-de-la-roque.zag-com.fr\/wp-content\/uploads\/2025\/07\/image0-5-scaled-e1753454299487.jpeg","contentUrl":"https:\/\/moulin-de-la-roque.zag-com.fr\/wp-content\/uploads\/2025\/07\/image0-5-scaled-e1753454299487.jpeg","width":1314,"height":2320},{"@type":"BreadcrumbList","@id":"https:\/\/moulin-de-la-roque.zag-com.fr\/en\/shop\/vinaigre-de-cidre\/#breadcrumb","itemListElement":[{"@type":"ListItem","position":1,"name":"Accueil","item":"https:\/\/moulin-de-la-roque.zag-com.fr\/en\/"},{"@type":"ListItem","position":2,"name":"Shop","item":"https:\/\/moulin-de-la-roque.zag-com.fr\/en\/shop\/"},{"@type":"ListItem","position":3,"name":"Vinaigre de Cidre"}]},{"@type":"WebSite","@id":"https:\/\/moulin-de-la-roque.zag-com.fr\/en\/#website","url":"https:\/\/moulin-de-la-roque.zag-com.fr\/en\/","name":"Moulin de la Roque","description":"","potentialAction":[{"@type":"SearchAction","target":{"@type":"EntryPoint","urlTemplate":"https:\/\/moulin-de-la-roque.zag-com.fr\/en\/?s={search_term_string}"},"query-input":{"@type":"PropertyValueSpecification","valueRequired":true,"valueName":"search_term_string"}}],"inLanguage":"en-US"}]}},"_links":{"self":[{"href":"https:\/\/moulin-de-la-roque.zag-com.fr\/en\/wp-json\/wp\/v2\/product\/20732","targetHints":{"allow":["GET"]}}],"collection":[{"href":"https:\/\/moulin-de-la-roque.zag-com.fr\/en\/wp-json\/wp\/v2\/product"}],"about":[{"href":"https:\/\/moulin-de-la-roque.zag-com.fr\/en\/wp-json\/wp\/v2\/types\/product"}],"replies":[{"embeddable":true,"href":"https:\/\/moulin-de-la-roque.zag-com.fr\/en\/wp-json\/wp\/v2\/comments?post=20732"}],"wp:featuredmedia":[{"embeddable":true,"href":"https:\/\/moulin-de-la-roque.zag-com.fr\/en\/wp-json\/wp\/v2\/media\/21129"}],"wp:attachment":[{"href":"https:\/\/moulin-de-la-roque.zag-com.fr\/en\/wp-json\/wp\/v2\/media?parent=20732"}],"wp:term":[{"taxonomy":"product_brand","embeddable":true,"href":"https:\/\/moulin-de-la-roque.zag-com.fr\/en\/wp-json\/wp\/v2\/product_brand?post=20732"},{"taxonomy":"product_cat","embeddable":true,"href":"https:\/\/moulin-de-la-roque.zag-com.fr\/en\/wp-json\/wp\/v2\/product_cat?post=20732"},{"taxonomy":"product_tag","embeddable":true,"href":"https:\/\/moulin-de-la-roque.zag-com.fr\/en\/wp-json\/wp\/v2\/product_tag?post=20732"}],"curies":[{"name":"wp","href":"https:\/\/api.w.org\/{rel}","templated":true}]}}